{"id":58,"date":"2026-02-22T10:55:54","date_gmt":"2026-02-22T09:55:54","guid":{"rendered":"https:\/\/exposed.noclothes.de\/?page_id=58"},"modified":"2026-05-02T05:44:32","modified_gmt":"2026-05-02T03:44:32","slug":"thomas-heyn","status":"publish","type":"page","link":"https:\/\/exposed.noclothes.de\/?page_id=58","title":{"rendered":"Thomas Heyn (ID)"},"content":{"rendered":"<p style=\"text-align: justify;\">Mein Name ist Thomas Heyn aus Lehrte in Niedersachsen. Ich bin gl\u00fccklich geschieden, hetero mit Bi-Interesse und exhibitionistisch veranlagt. Ich habe f\u00fcr mich entdeckt, das es sehr spanned ist wenn ich Fotos und pers\u00f6nliche Dinge von mir, m\u00f6glichst unzensiert und tabulos der \u00d6ffentlichkeit pr\u00e4sentiere. Es ist ein st\u00e4ndig wachsender Prozess. Hier auf der Webseite lebe ich diese Neigung aus. Wer also Probleme mit nackter Haut hat sollte hier nicht weiter schauen. Ich zeige hier alles unzensiert und tabulos frei nach dem Motto \u201eist der Ruf erst ruiniert zeig ich mich ganz unzensiert\u201c. Da ich nicht erpressbar bin kann ich auch meine Daten \u00f6ffentlich machen. Wenn euch die Seite gef\u00e4llt, w\u00fcrde ich mich freuen wenn ihr die Seite weiter verbreitet und gerne auch die Fotos im Internet auf einschl\u00e4gigen Portalen und\/oder Social-Media postet. Das herunterladen und verbreiten ist ausdr\u00fccklich erw\u00fcnscht!<\/p>\n<ul>\n<li style=\"text-align: left;\">Name: Thomas Heyn<\/li>\n<li>Geb.: 1962 in Hannover<\/li>\n<li>Stra\u00dfe: Schillerstra\u00dfe 15a<\/li>\n<li>Ort: 31275 Lehrte<\/li>\n<li>Webseite:<a href=\"https:\/\/th-heyn.de\" target=\"_blank\" rel=\"noopener\"> https:\/\/th-heyn.de<\/a><\/li>\n<li>Internetpr\u00e4senz:\u00a0 <a href=\"https:\/\/mylinks.noclothes.de\/linkstack\/@ThomasHLG\" target=\"_blank\" rel=\"noopener\">https:\/\/mylinks.noclothes.de\/linkstack\/@ThomasHLG<\/a><\/li>\n<\/ul>\n<ul>\n<li>E-Mail: <a href=\"mailto:thomashlg@gmx.de\" rel=\"noopener\">thomashlg@gmx.de<\/a><\/li>\n<li>Telegram : <a href=\"https:\/\/t.me\/thomasHLG\" target=\"_blank\" rel=\"noopener\">https:\/\/t.me\/thomasHLG<\/a><\/li>\n<li>Handy\/Whatsapp : <a href=\"https:\/\/wa.me\/+4915783379073\" target=\"_blank\" rel=\"noopener\">+49 1578 3379073<\/a><\/li>\n<li>Familenstand: geschieden<\/li>\n<li>Gr\u00f6\u00dfe: 178 cm<\/li>\n<li>Gewicht: ca. 100 kg<\/li>\n<li>Penis: 14 cm x 4 cm unbeschnitten und rasiert.<\/li>\n<li>Bi-Interesse<\/li>\n<li>Exhibitionismus<\/li>\n<li>Oralverkehr (aktiv ohne Gegenleistung)<\/li>\n<li>Sperma<\/li>\n<li>CFNM, CMNM<\/li>\n<\/ul>\n<div id='gallery-1' class='gallery galleryid-58 gallery-columns-4 gallery-size-medium'><figure class='gallery-item'>\n\t\t\t<div class='gallery-icon portrait'>\n\t\t\t\t<a href='https:\/\/exposed.noclothes.de\/wp-content\/uploads\/2026\/02\/Thomas_nackt_01.jpg'><img loading=\"lazy\" decoding=\"async\" width=\"220\" height=\"300\" src=\"https:\/\/exposed.noclothes.de\/wp-content\/uploads\/2026\/02\/Thomas_nackt_01-220x300.jpg\" class=\"attachment-medium size-medium\" alt=\"\" srcset=\"https:\/\/exposed.noclothes.de\/wp-content\/uploads\/2026\/02\/Thomas_nackt_01-220x300.jpg 220w, https:\/\/exposed.noclothes.de\/wp-content\/uploads\/2026\/02\/Thomas_nackt_01-751x1024.jpg 751w, https:\/\/exposed.noclothes.de\/wp-content\/uploads\/2026\/02\/Thomas_nackt_01-768x1047.jpg 768w, https:\/\/exposed.noclothes.de\/wp-content\/uploads\/2026\/02\/Thomas_nackt_01.jpg 780w\" sizes=\"auto, (max-width: 220px) 100vw, 220px\" \/><\/a>\n\t\t\t<\/div><\/figure><figure class='gallery-item'>\n\t\t\t<div class='gallery-icon portrait'>\n\t\t\t\t<a href='https:\/\/exposed.noclothes.de\/wp-content\/uploads\/2026\/02\/Thomas_nackt_03.jpg'><img loading=\"lazy\" decoding=\"async\" width=\"220\" height=\"300\" src=\"https:\/\/exposed.noclothes.de\/wp-content\/uploads\/2026\/02\/Thomas_nackt_03-220x300.jpg\" class=\"attachment-medium size-medium\" alt=\"\" srcset=\"https:\/\/exposed.noclothes.de\/wp-content\/uploads\/2026\/02\/Thomas_nackt_03-220x300.jpg 220w, https:\/\/exposed.noclothes.de\/wp-content\/uploads\/2026\/02\/Thomas_nackt_03-751x1024.jpg 751w, https:\/\/exposed.noclothes.de\/wp-content\/uploads\/2026\/02\/Thomas_nackt_03-768x1047.jpg 768w, https:\/\/exposed.noclothes.de\/wp-content\/uploads\/2026\/02\/Thomas_nackt_03.jpg 780w\" sizes=\"auto, (max-width: 220px) 100vw, 220px\" \/><\/a>\n\t\t\t<\/div><\/figure><figure class='gallery-item'>\n\t\t\t<div class='gallery-icon portrait'>\n\t\t\t\t<a href='https:\/\/exposed.noclothes.de\/wp-content\/uploads\/2026\/02\/Thomas_nackt_04.jpg'><img loading=\"lazy\" decoding=\"async\" width=\"220\" height=\"300\" src=\"https:\/\/exposed.noclothes.de\/wp-content\/uploads\/2026\/02\/Thomas_nackt_04-220x300.jpg\" class=\"attachment-medium size-medium\" alt=\"\" srcset=\"https:\/\/exposed.noclothes.de\/wp-content\/uploads\/2026\/02\/Thomas_nackt_04-220x300.jpg 220w, https:\/\/exposed.noclothes.de\/wp-content\/uploads\/2026\/02\/Thomas_nackt_04-751x1024.jpg 751w, https:\/\/exposed.noclothes.de\/wp-content\/uploads\/2026\/02\/Thomas_nackt_04-768x1047.jpg 768w, https:\/\/exposed.noclothes.de\/wp-content\/uploads\/2026\/02\/Thomas_nackt_04.jpg 780w\" sizes=\"auto, (max-width: 220px) 100vw, 220px\" \/><\/a>\n\t\t\t<\/div><\/figure><figure class='gallery-item'>\n\t\t\t<div class='gallery-icon portrait'>\n\t\t\t\t<a href='https:\/\/exposed.noclothes.de\/wp-content\/uploads\/2026\/02\/Thomas_nackt_09.jpg'><img loading=\"lazy\" decoding=\"async\" width=\"216\" height=\"300\" src=\"https:\/\/exposed.noclothes.de\/wp-content\/uploads\/2026\/02\/Thomas_nackt_09-216x300.jpg\" class=\"attachment-medium size-medium\" alt=\"\" srcset=\"https:\/\/exposed.noclothes.de\/wp-content\/uploads\/2026\/02\/Thomas_nackt_09-216x300.jpg 216w, https:\/\/exposed.noclothes.de\/wp-content\/uploads\/2026\/02\/Thomas_nackt_09.jpg 608w\" sizes=\"auto, (max-width: 216px) 100vw, 216px\" \/><\/a>\n\t\t\t<\/div><\/figure>\n\t\t<\/div>\n\n<p>&nbsp;<\/p>\n<div id='gallery-2' class='gallery galleryid-58 gallery-columns-2 gallery-size-medium'><figure class='gallery-item'>\n\t\t\t<div class='gallery-icon landscape'>\n\t\t\t\t<a href='https:\/\/exposed.noclothes.de\/wp-content\/uploads\/2026\/02\/person_neu_vorn.jpg'><img loading=\"lazy\" decoding=\"async\" width=\"300\" height=\"190\" src=\"https:\/\/exposed.noclothes.de\/wp-content\/uploads\/2026\/02\/person_neu_vorn-300x190.jpg\" class=\"attachment-medium size-medium\" alt=\"\" srcset=\"https:\/\/exposed.noclothes.de\/wp-content\/uploads\/2026\/02\/person_neu_vorn-300x190.jpg 300w, https:\/\/exposed.noclothes.de\/wp-content\/uploads\/2026\/02\/person_neu_vorn-768x487.jpg 768w, https:\/\/exposed.noclothes.de\/wp-content\/uploads\/2026\/02\/person_neu_vorn.jpg 1024w\" sizes=\"auto, (max-width: 300px) 100vw, 300px\" \/><\/a>\n\t\t\t<\/div><\/figure><figure class='gallery-item'>\n\t\t\t<div class='gallery-icon landscape'>\n\t\t\t\t<a href='https:\/\/exposed.noclothes.de\/wp-content\/uploads\/2026\/02\/person_neu_hinten.jpg'><img loading=\"lazy\" decoding=\"async\" width=\"300\" height=\"190\" src=\"https:\/\/exposed.noclothes.de\/wp-content\/uploads\/2026\/02\/person_neu_hinten-300x190.jpg\" class=\"attachment-medium size-medium\" alt=\"\" srcset=\"https:\/\/exposed.noclothes.de\/wp-content\/uploads\/2026\/02\/person_neu_hinten-300x190.jpg 300w, https:\/\/exposed.noclothes.de\/wp-content\/uploads\/2026\/02\/person_neu_hinten-768x486.jpg 768w, https:\/\/exposed.noclothes.de\/wp-content\/uploads\/2026\/02\/person_neu_hinten.jpg 1024w\" sizes=\"auto, (max-width: 300px) 100vw, 300px\" \/><\/a>\n\t\t\t<\/div><\/figure>\n\t\t<\/div>\n\n<p>[ratings]<\/p>\n","protected":false},"excerpt":{"rendered":"<p>Mein Name ist Thomas Heyn aus Lehrte in Niedersachsen. Ich bin gl\u00fccklich geschieden, hetero mit Bi-Interesse und exhibitionistisch veranlagt. Ich habe f\u00fcr mich entdeckt, das es sehr spanned ist wenn ich Fotos und pers\u00f6nliche Dinge von mir, m\u00f6glichst unzensiert und tabulos der \u00d6ffentlichkeit pr\u00e4sentiere. Es ist ein st\u00e4ndig wachsender Prozess. Hier auf der Webseite lebe [&hellip;]<\/p>\n","protected":false},"author":1,"featured_media":68,"parent":0,"menu_order":0,"comment_status":"open","ping_status":"closed","template":"","meta":{"site-container-style":"default","site-container-layout":"default","site-sidebar-layout":"default","disable-article-header":"default","disable-site-header":"default","disable-site-footer":"default","disable-content-area-spacing":"default","footnotes":"","_links_to":"","_links_to_target":""},"categories":[1,16],"tags":[8,11],"class_list":["post-58","page","type-page","status-publish","has-post-thumbnail","hentry","category-allgemein","category-mit-id","tag-mit-id","tag-thomas-heyn"],"_links":{"self":[{"href":"https:\/\/exposed.noclothes.de\/index.php?rest_route=\/wp\/v2\/pages\/58","targetHints":{"allow":["GET"]}}],"collection":[{"href":"https:\/\/exposed.noclothes.de\/index.php?rest_route=\/wp\/v2\/pages"}],"about":[{"href":"https:\/\/exposed.noclothes.de\/index.php?rest_route=\/wp\/v2\/types\/page"}],"author":[{"embeddable":true,"href":"https:\/\/exposed.noclothes.de\/index.php?rest_route=\/wp\/v2\/users\/1"}],"replies":[{"embeddable":true,"href":"https:\/\/exposed.noclothes.de\/index.php?rest_route=%2Fwp%2Fv2%2Fcomments&post=58"}],"version-history":[{"count":17,"href":"https:\/\/exposed.noclothes.de\/index.php?rest_route=\/wp\/v2\/pages\/58\/revisions"}],"predecessor-version":[{"id":581,"href":"https:\/\/exposed.noclothes.de\/index.php?rest_route=\/wp\/v2\/pages\/58\/revisions\/581"}],"wp:featuredmedia":[{"embeddable":true,"href":"https:\/\/exposed.noclothes.de\/index.php?rest_route=\/wp\/v2\/media\/68"}],"wp:attachment":[{"href":"https:\/\/exposed.noclothes.de\/index.php?rest_route=%2Fwp%2Fv2%2Fmedia&parent=58"}],"wp:term":[{"taxonomy":"category","embeddable":true,"href":"https:\/\/exposed.noclothes.de\/index.php?rest_route=%2Fwp%2Fv2%2Fcategories&post=58"},{"taxonomy":"post_tag","embeddable":true,"href":"https:\/\/exposed.noclothes.de\/index.php?rest_route=%2Fwp%2Fv2%2Ftags&post=58"}],"curies":[{"name":"wp","href":"https:\/\/api.w.org\/{rel}","templated":true}]}}