{"id":538,"date":"2026-04-30T20:07:58","date_gmt":"2026-04-30T18:07:58","guid":{"rendered":"https:\/\/exposed.noclothes.de\/?page_id=538"},"modified":"2026-05-01T11:20:43","modified_gmt":"2026-05-01T09:20:43","slug":"tobias-strudel","status":"publish","type":"page","link":"https:\/\/exposed.noclothes.de\/?page_id=538","title":{"rendered":"Tobias Strudel"},"content":{"rendered":"<p>bin der Tobias Strudel ein netter Kerl von neben an aber ich habe einen Fetisch ich liebe das Outing und will mich vollst\u00e4ndig ruinieren und als \u00f6ffentliche m\u00e4nnliche Websau zerst\u00f6ren lassen.<\/p>\n<p>Name: Tobias Strudel<br \/>\nGeburtsdatum: 23.11.1969<br \/>\nStra\u00dfe: Anne Frank Strasse 18<br \/>\nOrt: 88471 Laupheim<br \/>\nE-Mail: tobiasstrudel@gmail.com<br \/>\nTelegram : https:\/\/t.me\/Tobias_Strudel<br \/>\nTelefon\/Whatsapp: +4915203200896<br \/>\nFamilenstand: solo<br \/>\nGr\u00f6\u00dfe : 166cm<br \/>\nGewicht: 65kg<br \/>\nPenis: 19\u00d76,5<br \/>\nSexuelle Ausrichtung: hetro<br \/>\nSexuelle Interessen: AO total<br \/>\nNatursektliebhaber Aktiv\/passiv, trinke auch den Natursekt<br \/>\nAnalliebhaber aktiv\/pssiv<br \/>\nFaustfickliebhaber aktiv\/pssiv<br \/>\nRimming<br \/>\nHarnr\u00f6hrensex<br \/>\nSex in der \u00d6ffentlichkeit<br \/>\nAusl\u00e4nderinnen sind herzlich willkommen<br \/>\nLasse mich gerne vorf\u00fchren<\/p>\n<div id='gallery-1' class='gallery galleryid-538 gallery-columns-3 gallery-size-medium'><figure class='gallery-item'>\n\t\t\t<div class='gallery-icon portrait'>\n\t\t\t\t<a href='https:\/\/exposed.noclothes.de\/wp-content\/uploads\/2026\/04\/019-1000.jpg'><img loading=\"lazy\" decoding=\"async\" width=\"220\" height=\"300\" src=\"https:\/\/exposed.noclothes.de\/wp-content\/uploads\/2026\/04\/019-1000-220x300.jpg\" class=\"attachment-medium size-medium\" alt=\"\" srcset=\"https:\/\/exposed.noclothes.de\/wp-content\/uploads\/2026\/04\/019-1000-220x300.jpg 220w, https:\/\/exposed.noclothes.de\/wp-content\/uploads\/2026\/04\/019-1000.jpg 586w\" sizes=\"auto, (max-width: 220px) 100vw, 220px\" \/><\/a>\n\t\t\t<\/div><\/figure><figure class='gallery-item'>\n\t\t\t<div class='gallery-icon portrait'>\n\t\t\t\t<a href='https:\/\/exposed.noclothes.de\/wp-content\/uploads\/2026\/04\/173_450.webp'><img loading=\"lazy\" decoding=\"async\" width=\"135\" height=\"300\" src=\"https:\/\/exposed.noclothes.de\/wp-content\/uploads\/2026\/04\/173_450-135x300.webp\" class=\"attachment-medium size-medium\" alt=\"\" srcset=\"https:\/\/exposed.noclothes.de\/wp-content\/uploads\/2026\/04\/173_450-135x300.webp 135w, https:\/\/exposed.noclothes.de\/wp-content\/uploads\/2026\/04\/173_450.webp 203w\" sizes=\"auto, (max-width: 135px) 100vw, 135px\" \/><\/a>\n\t\t\t<\/div><\/figure><figure class='gallery-item'>\n\t\t\t<div class='gallery-icon portrait'>\n\t\t\t\t<a href='https:\/\/exposed.noclothes.de\/wp-content\/uploads\/2026\/04\/F-KOOfl-Ww-AAHa-Gw.jpg'><img loading=\"lazy\" decoding=\"async\" width=\"158\" height=\"300\" src=\"https:\/\/exposed.noclothes.de\/wp-content\/uploads\/2026\/04\/F-KOOfl-Ww-AAHa-Gw-158x300.jpg\" class=\"attachment-medium size-medium\" alt=\"\" srcset=\"https:\/\/exposed.noclothes.de\/wp-content\/uploads\/2026\/04\/F-KOOfl-Ww-AAHa-Gw-158x300.jpg 158w, https:\/\/exposed.noclothes.de\/wp-content\/uploads\/2026\/04\/F-KOOfl-Ww-AAHa-Gw.jpg 278w\" sizes=\"auto, (max-width: 158px) 100vw, 158px\" \/><\/a>\n\t\t\t<\/div><\/figure>\n\t\t<\/div>\n\n<div id='gallery-2' class='gallery galleryid-538 gallery-columns-2 gallery-size-large'><figure class='gallery-item'>\n\t\t\t<div class='gallery-icon landscape'>\n\t\t\t\t<a href='https:\/\/exposed.noclothes.de\/wp-content\/uploads\/2026\/04\/IMG-20260403-163652.jpg'><img loading=\"lazy\" decoding=\"async\" width=\"1024\" height=\"644\" src=\"https:\/\/exposed.noclothes.de\/wp-content\/uploads\/2026\/04\/IMG-20260403-163652-1024x644.jpg\" class=\"attachment-large size-large\" alt=\"\" srcset=\"https:\/\/exposed.noclothes.de\/wp-content\/uploads\/2026\/04\/IMG-20260403-163652-1024x644.jpg 1024w, https:\/\/exposed.noclothes.de\/wp-content\/uploads\/2026\/04\/IMG-20260403-163652-300x189.jpg 300w, https:\/\/exposed.noclothes.de\/wp-content\/uploads\/2026\/04\/IMG-20260403-163652-768x483.jpg 768w, https:\/\/exposed.noclothes.de\/wp-content\/uploads\/2026\/04\/IMG-20260403-163652.jpg 1280w\" sizes=\"auto, (max-width: 1024px) 100vw, 1024px\" \/><\/a>\n\t\t\t<\/div><\/figure><figure class='gallery-item'>\n\t\t\t<div class='gallery-icon landscape'>\n\t\t\t\t<a href='https:\/\/exposed.noclothes.de\/wp-content\/uploads\/2026\/04\/IMG-20260403-163621.jpg'><img loading=\"lazy\" decoding=\"async\" width=\"1024\" height=\"627\" src=\"https:\/\/exposed.noclothes.de\/wp-content\/uploads\/2026\/04\/IMG-20260403-163621-1024x627.jpg\" class=\"attachment-large size-large\" alt=\"\" srcset=\"https:\/\/exposed.noclothes.de\/wp-content\/uploads\/2026\/04\/IMG-20260403-163621-1024x627.jpg 1024w, https:\/\/exposed.noclothes.de\/wp-content\/uploads\/2026\/04\/IMG-20260403-163621-300x184.jpg 300w, https:\/\/exposed.noclothes.de\/wp-content\/uploads\/2026\/04\/IMG-20260403-163621-768x470.jpg 768w, https:\/\/exposed.noclothes.de\/wp-content\/uploads\/2026\/04\/IMG-20260403-163621.jpg 1280w\" sizes=\"auto, (max-width: 1024px) 100vw, 1024px\" \/><\/a>\n\t\t\t<\/div><\/figure>\n\t\t<\/div>\n\n<p>&nbsp;<\/p>\n","protected":false},"excerpt":{"rendered":"<p>bin der Tobias Strudel ein netter Kerl von neben an aber ich habe einen Fetisch ich liebe das Outing und will mich vollst\u00e4ndig ruinieren und als \u00f6ffentliche m\u00e4nnliche Websau zerst\u00f6ren lassen. Name: Tobias Strudel Geburtsdatum: 23.11.1969 Stra\u00dfe: Anne Frank Strasse 18 Ort: 88471 Laupheim E-Mail: tobiasstrudel@gmail.com Telegram : https:\/\/t.me\/Tobias_Strudel Telefon\/Whatsapp: +4915203200896 Familenstand: solo Gr\u00f6\u00dfe : [&hellip;]<\/p>\n","protected":false},"author":1,"featured_media":542,"parent":0,"menu_order":0,"comment_status":"open","ping_status":"closed","template":"","meta":{"site-container-style":"default","site-container-layout":"default","site-sidebar-layout":"default","disable-article-header":"default","disable-site-header":"default","disable-site-footer":"default","disable-content-area-spacing":"default","footnotes":"","_links_to":"","_links_to_target":""},"categories":[1,16],"tags":[],"class_list":["post-538","page","type-page","status-publish","has-post-thumbnail","hentry","category-allgemein","category-mit-id"],"_links":{"self":[{"href":"https:\/\/exposed.noclothes.de\/index.php?rest_route=\/wp\/v2\/pages\/538","targetHints":{"allow":["GET"]}}],"collection":[{"href":"https:\/\/exposed.noclothes.de\/index.php?rest_route=\/wp\/v2\/pages"}],"about":[{"href":"https:\/\/exposed.noclothes.de\/index.php?rest_route=\/wp\/v2\/types\/page"}],"author":[{"embeddable":true,"href":"https:\/\/exposed.noclothes.de\/index.php?rest_route=\/wp\/v2\/users\/1"}],"replies":[{"embeddable":true,"href":"https:\/\/exposed.noclothes.de\/index.php?rest_route=%2Fwp%2Fv2%2Fcomments&post=538"}],"version-history":[{"count":7,"href":"https:\/\/exposed.noclothes.de\/index.php?rest_route=\/wp\/v2\/pages\/538\/revisions"}],"predecessor-version":[{"id":572,"href":"https:\/\/exposed.noclothes.de\/index.php?rest_route=\/wp\/v2\/pages\/538\/revisions\/572"}],"wp:featuredmedia":[{"embeddable":true,"href":"https:\/\/exposed.noclothes.de\/index.php?rest_route=\/wp\/v2\/media\/542"}],"wp:attachment":[{"href":"https:\/\/exposed.noclothes.de\/index.php?rest_route=%2Fwp%2Fv2%2Fmedia&parent=538"}],"wp:term":[{"taxonomy":"category","embeddable":true,"href":"https:\/\/exposed.noclothes.de\/index.php?rest_route=%2Fwp%2Fv2%2Fcategories&post=538"},{"taxonomy":"post_tag","embeddable":true,"href":"https:\/\/exposed.noclothes.de\/index.php?rest_route=%2Fwp%2Fv2%2Ftags&post=538"}],"curies":[{"name":"wp","href":"https:\/\/api.w.org\/{rel}","templated":true}]}}