{"id":511,"date":"2026-04-14T18:46:50","date_gmt":"2026-04-14T16:46:50","guid":{"rendered":"https:\/\/exposed.noclothes.de\/?page_id=511"},"modified":"2026-04-14T18:46:50","modified_gmt":"2026-04-14T16:46:50","slug":"cornelia-mueller","status":"publish","type":"page","link":"https:\/\/exposed.noclothes.de\/?page_id=511","title":{"rendered":"Cornelia M\u00fcller"},"content":{"rendered":"<p>Ich freue mich hier zu sein und bin neugierig.<\/p>\n<ul>\n<li>Name: Cornelia M\u00fcller<\/li>\n<li>Geburtsdatum: 08.07.1982<\/li>\n<li>Stra\u00dfe: Westfalenring<\/li>\n<li>Ort: 48165 M\u00fcnster<\/li>\n<li>E-Mail: <a href=\"mailto:conny19692@gmx.de\">conny19692@gmx.de<\/a><\/li>\n<li>Telefon\/Whatsapp: habe ich nicht mehr<\/li>\n<li>Familenstand: geschieden<\/li>\n<li>Gr\u00f6\u00dfe : 172cm<\/li>\n<li>Gewicht: 63kg<\/li>\n<li>rasiert<\/li>\n<li>K\u00f6rbchengr\u00f6\u00dfe: 75 B<\/li>\n<li>Sexuelle Ausrichtung: bi<\/li>\n<li>Sexuelle Interessen: Ich mag gerne FKK und zeige mich gerne.<\/li>\n<\/ul>\n<div id='gallery-1' class='gallery galleryid-511 gallery-columns-3 gallery-size-medium'><figure class='gallery-item'>\n\t\t\t<div class='gallery-icon portrait'>\n\t\t\t\t<a href='https:\/\/exposed.noclothes.de\/wp-content\/uploads\/2026\/04\/1.1.jpg'><img loading=\"lazy\" decoding=\"async\" width=\"225\" height=\"300\" src=\"https:\/\/exposed.noclothes.de\/wp-content\/uploads\/2026\/04\/1.1-225x300.jpg\" class=\"attachment-medium size-medium\" alt=\"\" srcset=\"https:\/\/exposed.noclothes.de\/wp-content\/uploads\/2026\/04\/1.1-225x300.jpg 225w, https:\/\/exposed.noclothes.de\/wp-content\/uploads\/2026\/04\/1.1-768x1024.jpg 768w, https:\/\/exposed.noclothes.de\/wp-content\/uploads\/2026\/04\/1.1.jpg 960w\" sizes=\"auto, (max-width: 225px) 100vw, 225px\" \/><\/a>\n\t\t\t<\/div><\/figure><figure class='gallery-item'>\n\t\t\t<div class='gallery-icon landscape'>\n\t\t\t\t<a href='https:\/\/exposed.noclothes.de\/wp-content\/uploads\/2026\/04\/3.jpg'><img loading=\"lazy\" decoding=\"async\" width=\"300\" height=\"225\" src=\"https:\/\/exposed.noclothes.de\/wp-content\/uploads\/2026\/04\/3-300x225.jpg\" class=\"attachment-medium size-medium\" alt=\"\" srcset=\"https:\/\/exposed.noclothes.de\/wp-content\/uploads\/2026\/04\/3-300x225.jpg 300w, https:\/\/exposed.noclothes.de\/wp-content\/uploads\/2026\/04\/3.jpg 666w\" sizes=\"auto, (max-width: 300px) 100vw, 300px\" \/><\/a>\n\t\t\t<\/div><\/figure><figure class='gallery-item'>\n\t\t\t<div class='gallery-icon landscape'>\n\t\t\t\t<a href='https:\/\/exposed.noclothes.de\/wp-content\/uploads\/2026\/04\/7.jpg'><img loading=\"lazy\" decoding=\"async\" width=\"300\" height=\"225\" src=\"https:\/\/exposed.noclothes.de\/wp-content\/uploads\/2026\/04\/7-300x225.jpg\" class=\"attachment-medium size-medium\" alt=\"\" srcset=\"https:\/\/exposed.noclothes.de\/wp-content\/uploads\/2026\/04\/7-300x225.jpg 300w, https:\/\/exposed.noclothes.de\/wp-content\/uploads\/2026\/04\/7.jpg 666w\" sizes=\"auto, (max-width: 300px) 100vw, 300px\" \/><\/a>\n\t\t\t<\/div><\/figure>\n\t\t<\/div>\n\n","protected":false},"excerpt":{"rendered":"<p>Ich freue mich hier zu sein und bin neugierig. Name: Cornelia M\u00fcller Geburtsdatum: 08.07.1982 Stra\u00dfe: Westfalenring Ort: 48165 M\u00fcnster E-Mail: conny19692@gmx.de Telefon\/Whatsapp: habe ich nicht mehr Familenstand: geschieden Gr\u00f6\u00dfe : 172cm Gewicht: 63kg rasiert K\u00f6rbchengr\u00f6\u00dfe: 75 B Sexuelle Ausrichtung: bi Sexuelle Interessen: Ich mag gerne FKK und zeige mich gerne.<\/p>\n","protected":false},"author":1,"featured_media":517,"parent":0,"menu_order":0,"comment_status":"open","ping_status":"closed","template":"","meta":{"site-container-style":"default","site-container-layout":"default","site-sidebar-layout":"default","disable-article-header":"default","disable-site-header":"default","disable-site-footer":"default","disable-content-area-spacing":"default","footnotes":"","_links_to":"","_links_to_target":""},"categories":[1],"tags":[23],"class_list":["post-511","page","type-page","status-publish","has-post-thumbnail","hentry","category-allgemein","tag-cornelia-mueller"],"_links":{"self":[{"href":"https:\/\/exposed.noclothes.de\/index.php?rest_route=\/wp\/v2\/pages\/511","targetHints":{"allow":["GET"]}}],"collection":[{"href":"https:\/\/exposed.noclothes.de\/index.php?rest_route=\/wp\/v2\/pages"}],"about":[{"href":"https:\/\/exposed.noclothes.de\/index.php?rest_route=\/wp\/v2\/types\/page"}],"author":[{"embeddable":true,"href":"https:\/\/exposed.noclothes.de\/index.php?rest_route=\/wp\/v2\/users\/1"}],"replies":[{"embeddable":true,"href":"https:\/\/exposed.noclothes.de\/index.php?rest_route=%2Fwp%2Fv2%2Fcomments&post=511"}],"version-history":[{"count":6,"href":"https:\/\/exposed.noclothes.de\/index.php?rest_route=\/wp\/v2\/pages\/511\/revisions"}],"predecessor-version":[{"id":520,"href":"https:\/\/exposed.noclothes.de\/index.php?rest_route=\/wp\/v2\/pages\/511\/revisions\/520"}],"wp:featuredmedia":[{"embeddable":true,"href":"https:\/\/exposed.noclothes.de\/index.php?rest_route=\/wp\/v2\/media\/517"}],"wp:attachment":[{"href":"https:\/\/exposed.noclothes.de\/index.php?rest_route=%2Fwp%2Fv2%2Fmedia&parent=511"}],"wp:term":[{"taxonomy":"category","embeddable":true,"href":"https:\/\/exposed.noclothes.de\/index.php?rest_route=%2Fwp%2Fv2%2Fcategories&post=511"},{"taxonomy":"post_tag","embeddable":true,"href":"https:\/\/exposed.noclothes.de\/index.php?rest_route=%2Fwp%2Fv2%2Ftags&post=511"}],"curies":[{"name":"wp","href":"https:\/\/api.w.org\/{rel}","templated":true}]}}