{"id":480,"date":"2026-04-10T20:30:42","date_gmt":"2026-04-10T18:30:42","guid":{"rendered":"https:\/\/exposed.noclothes.de\/?page_id=480"},"modified":"2026-04-10T20:08:51","modified_gmt":"2026-04-10T18:08:51","slug":"regina-schulte","status":"publish","type":"page","link":"https:\/\/exposed.noclothes.de\/?page_id=480","title":{"rendered":"Regina Schulte"},"content":{"rendered":"<p>Ich liebe FKK und alles was man nackt machen kann, gehe auch gerne mit meiner Mann nackt unterm Mantel aus, z.B. auf die Sonnenbank oder zum Bummeln im Baumarkt! Nebenberuflich stehe ich auch f\u00fcr Nacktauftritte auf privaten und \u00f6ffentlichen Feiern jeder Art, f\u00fcr Nacktputzen, Fotoshootings und Nacktauftritten in Kneipen, Spielhallen, Sexshops, Kinos, etc. zur Verf\u00fcgung! Bei Sympathie lasse ich mich auch gerne \u00f6ffentlich als Dreilochstute benutzen! Ich mache KEINEN Sex gegen Geld, bin also nicht f\u00fcr Sex k\u00e4uflich, lasse mich aber gerne bei Nacktauftritten auch von den anwesenden G\u00e4sten anfassen, lecken und ficken, nat\u00fcrlich auch Anal! Mein Mann ist OHNE Ausnahme immer bei meinen Nacktauftritten mit dabei! Ich bin normal berufst\u00e4tig, deshalb f\u00fcr Anfragen am besten \u00fcber WhatsApp erreichbar! Telefonische Anfragen beantwortet wegen der vielen Spinner ausschlie\u00dflich mein Mann! WhatsApp 0171-1454011<\/p>\n<ul>\n<li>Name: Regina Schulte<\/li>\n<li>Geburtsdatum: 04.06.1964<\/li>\n<li>Stra\u00dfe: Linger Weg<\/li>\n<li>Ort: 58553 Halver<\/li>\n<li>E-Mail: <a href=\"mailto:regi.schulte1964@gmail.com\">regi.schulte1964@gmail.com<\/a><\/li>\n<li>Telegram : <a href=\"http:\/\/t.me\/Regina1964\" target=\"_blank\" rel=\"noopener\">http:\/\/t.me\/Regina1964<\/a><\/li>\n<li>Telefon\/Whatsapp: +491711454011<\/li>\n<li>Familenstand: Verheiratet<\/li>\n<li>Gr\u00f6\u00dfe : 170cm<\/li>\n<li>Gewicht: 65kg<\/li>\n<li>K\u00f6rbchengr\u00f6\u00dfe: 75C<\/li>\n<li>Sexuelle Ausrichtung: Bi Interesse<\/li>\n<li>Sexuelle Interessen: Hallo, ich bin Regina aus 58553 Halver! Ich bin kaufm\u00e4nnische Angestellte, 62 Jahre, verh., sehr zeigefreudig, 170cm, 65 Kg, 89\/64,94, 75C, Tattoo auf dem rechten Busen, Nippelpiercing, drei Schamlippenpiercing und nat\u00fcrlich t\u00e4glich total rasiert!<\/li>\n<\/ul>\n<div id='gallery-1' class='gallery galleryid-480 gallery-columns-3 gallery-size-medium'><figure class='gallery-item'>\n\t\t\t<div class='gallery-icon portrait'>\n\t\t\t\t<a href='https:\/\/exposed.noclothes.de\/wp-content\/uploads\/2026\/04\/1000019737.jpg'><img loading=\"lazy\" decoding=\"async\" width=\"191\" height=\"300\" src=\"https:\/\/exposed.noclothes.de\/wp-content\/uploads\/2026\/04\/1000019737-191x300.jpg\" class=\"attachment-medium size-medium\" alt=\"\" srcset=\"https:\/\/exposed.noclothes.de\/wp-content\/uploads\/2026\/04\/1000019737-191x300.jpg 191w, https:\/\/exposed.noclothes.de\/wp-content\/uploads\/2026\/04\/1000019737-654x1024.jpg 654w, https:\/\/exposed.noclothes.de\/wp-content\/uploads\/2026\/04\/1000019737-768x1203.jpg 768w, https:\/\/exposed.noclothes.de\/wp-content\/uploads\/2026\/04\/1000019737-980x1536.jpg 980w, https:\/\/exposed.noclothes.de\/wp-content\/uploads\/2026\/04\/1000019737.jpg 1307w\" sizes=\"auto, (max-width: 191px) 100vw, 191px\" \/><\/a>\n\t\t\t<\/div><\/figure><figure class='gallery-item'>\n\t\t\t<div class='gallery-icon landscape'>\n\t\t\t\t<a href='https:\/\/exposed.noclothes.de\/wp-content\/uploads\/2026\/04\/1000018202.jpg'><img loading=\"lazy\" decoding=\"async\" width=\"300\" height=\"224\" src=\"https:\/\/exposed.noclothes.de\/wp-content\/uploads\/2026\/04\/1000018202-300x224.jpg\" class=\"attachment-medium size-medium\" alt=\"\" srcset=\"https:\/\/exposed.noclothes.de\/wp-content\/uploads\/2026\/04\/1000018202-300x224.jpg 300w, https:\/\/exposed.noclothes.de\/wp-content\/uploads\/2026\/04\/1000018202-1024x766.jpg 1024w, https:\/\/exposed.noclothes.de\/wp-content\/uploads\/2026\/04\/1000018202-768x575.jpg 768w, https:\/\/exposed.noclothes.de\/wp-content\/uploads\/2026\/04\/1000018202-1536x1149.jpg 1536w, https:\/\/exposed.noclothes.de\/wp-content\/uploads\/2026\/04\/1000018202-1320x987.jpg 1320w, https:\/\/exposed.noclothes.de\/wp-content\/uploads\/2026\/04\/1000018202.jpg 2048w\" sizes=\"auto, (max-width: 300px) 100vw, 300px\" \/><\/a>\n\t\t\t<\/div><\/figure><figure class='gallery-item'>\n\t\t\t<div class='gallery-icon portrait'>\n\t\t\t\t<a href='https:\/\/exposed.noclothes.de\/wp-content\/uploads\/2026\/04\/1000020928.jpg'><img loading=\"lazy\" decoding=\"async\" width=\"224\" height=\"300\" src=\"https:\/\/exposed.noclothes.de\/wp-content\/uploads\/2026\/04\/1000020928-224x300.jpg\" class=\"attachment-medium size-medium\" alt=\"\" srcset=\"https:\/\/exposed.noclothes.de\/wp-content\/uploads\/2026\/04\/1000020928-224x300.jpg 224w, https:\/\/exposed.noclothes.de\/wp-content\/uploads\/2026\/04\/1000020928-766x1024.jpg 766w, https:\/\/exposed.noclothes.de\/wp-content\/uploads\/2026\/04\/1000020928-768x1027.jpg 768w, https:\/\/exposed.noclothes.de\/wp-content\/uploads\/2026\/04\/1000020928-1149x1536.jpg 1149w, https:\/\/exposed.noclothes.de\/wp-content\/uploads\/2026\/04\/1000020928.jpg 1197w\" sizes=\"auto, (max-width: 224px) 100vw, 224px\" \/><\/a>\n\t\t\t<\/div><\/figure>\n\t\t<\/div>\n\n","protected":false},"excerpt":{"rendered":"<p>Ich liebe FKK und alles was man nackt machen kann, gehe auch gerne mit meiner Mann nackt unterm Mantel aus, z.B. auf die Sonnenbank oder zum Bummeln im Baumarkt! Nebenberuflich stehe ich auch f\u00fcr Nacktauftritte auf privaten und \u00f6ffentlichen Feiern jeder Art, f\u00fcr Nacktputzen, Fotoshootings und Nacktauftritten in Kneipen, Spielhallen, Sexshops, Kinos, etc. zur Verf\u00fcgung! [&hellip;]<\/p>\n","protected":false},"author":1,"featured_media":482,"parent":0,"menu_order":0,"comment_status":"closed","ping_status":"closed","template":"","meta":{"site-container-style":"default","site-container-layout":"default","site-sidebar-layout":"default","disable-article-header":"default","disable-site-header":"default","disable-site-footer":"default","disable-content-area-spacing":"default","footnotes":"","_links_to":"","_links_to_target":""},"categories":[1,6],"tags":[22],"class_list":["post-480","page","type-page","status-publish","has-post-thumbnail","hentry","category-allgemein","category-neue-mitglieder","tag-regina-schulte"],"_links":{"self":[{"href":"https:\/\/exposed.noclothes.de\/index.php?rest_route=\/wp\/v2\/pages\/480","targetHints":{"allow":["GET"]}}],"collection":[{"href":"https:\/\/exposed.noclothes.de\/index.php?rest_route=\/wp\/v2\/pages"}],"about":[{"href":"https:\/\/exposed.noclothes.de\/index.php?rest_route=\/wp\/v2\/types\/page"}],"author":[{"embeddable":true,"href":"https:\/\/exposed.noclothes.de\/index.php?rest_route=\/wp\/v2\/users\/1"}],"replies":[{"embeddable":true,"href":"https:\/\/exposed.noclothes.de\/index.php?rest_route=%2Fwp%2Fv2%2Fcomments&post=480"}],"version-history":[{"count":5,"href":"https:\/\/exposed.noclothes.de\/index.php?rest_route=\/wp\/v2\/pages\/480\/revisions"}],"predecessor-version":[{"id":490,"href":"https:\/\/exposed.noclothes.de\/index.php?rest_route=\/wp\/v2\/pages\/480\/revisions\/490"}],"wp:featuredmedia":[{"embeddable":true,"href":"https:\/\/exposed.noclothes.de\/index.php?rest_route=\/wp\/v2\/media\/482"}],"wp:attachment":[{"href":"https:\/\/exposed.noclothes.de\/index.php?rest_route=%2Fwp%2Fv2%2Fmedia&parent=480"}],"wp:term":[{"taxonomy":"category","embeddable":true,"href":"https:\/\/exposed.noclothes.de\/index.php?rest_route=%2Fwp%2Fv2%2Fcategories&post=480"},{"taxonomy":"post_tag","embeddable":true,"href":"https:\/\/exposed.noclothes.de\/index.php?rest_route=%2Fwp%2Fv2%2Ftags&post=480"}],"curies":[{"name":"wp","href":"https:\/\/api.w.org\/{rel}","templated":true}]}}