{"id":461,"date":"2026-04-09T19:28:51","date_gmt":"2026-04-09T17:28:51","guid":{"rendered":"https:\/\/exposed.noclothes.de\/?page_id=461"},"modified":"2026-04-10T19:31:08","modified_gmt":"2026-04-10T17:31:08","slug":"urs-schwendimann","status":"publish","type":"page","link":"https:\/\/exposed.noclothes.de\/?page_id=461","title":{"rendered":"Urs Schwendimann"},"content":{"rendered":"<p>Mit ein gem\u00fctlicher Kerl der halt auch schon etwas in die Jahre gekommen ist!<br \/>\nBin \u00f6ftres geil und versuche es auch auszuleben<\/p>\n<ul>\n<li>Urs Schwendimann<\/li>\n<li>Geburtsdatum: 11.05.1961<\/li>\n<li>Stra\u00dfe: Schmiedgasse 31g<\/li>\n<li>Ort: CH-3264 Diessbach bei B\u00fcren<\/li>\n<li>E-Mail: <a href=\"mailto:schwendimann62@gmail.com\">schwendimann62@gmail.com<\/a><\/li>\n<li>Telegram : <a href=\"http:\/\/t.me\/urssli\" target=\"_blank\" rel=\"noopener\">http:\/\/t.me\/urssli<\/a><\/li>\n<li>Familenstand: Verheiratet<\/li>\n<li>Gr\u00f6\u00dfe : 183cm<\/li>\n<li>Gewicht: 110kg<\/li>\n<li>Penis: 16cm und meistens rasiert<\/li>\n<li>Sexuelle Ausrichtung: Bi<\/li>\n<li>Sexuelle Interessen: Habe \u00f6fters Lust auf einen Schwanz in der Hand oder im Mund! Nat\u00fcrlich gegenseitig und gerne auch mehrere ob Frau oder Mann die mit machen! Hauptsache es macht Spa\u00df<\/li>\n<\/ul>\n<div id='gallery-1' class='gallery galleryid-461 gallery-columns-4 gallery-size-medium'><figure class='gallery-item'>\n\t\t\t<div class='gallery-icon portrait'>\n\t\t\t\t<a href='https:\/\/exposed.noclothes.de\/wp-content\/uploads\/2026\/04\/20220123_134916-scaled.jpg'><img loading=\"lazy\" decoding=\"async\" width=\"225\" height=\"300\" src=\"https:\/\/exposed.noclothes.de\/wp-content\/uploads\/2026\/04\/20220123_134916-225x300.jpg\" class=\"attachment-medium size-medium\" alt=\"\" srcset=\"https:\/\/exposed.noclothes.de\/wp-content\/uploads\/2026\/04\/20220123_134916-225x300.jpg 225w, https:\/\/exposed.noclothes.de\/wp-content\/uploads\/2026\/04\/20220123_134916-768x1024.jpg 768w, https:\/\/exposed.noclothes.de\/wp-content\/uploads\/2026\/04\/20220123_134916-1152x1536.jpg 1152w, https:\/\/exposed.noclothes.de\/wp-content\/uploads\/2026\/04\/20220123_134916-1536x2048.jpg 1536w, https:\/\/exposed.noclothes.de\/wp-content\/uploads\/2026\/04\/20220123_134916-1320x1760.jpg 1320w, https:\/\/exposed.noclothes.de\/wp-content\/uploads\/2026\/04\/20220123_134916-scaled.jpg 1920w\" sizes=\"auto, (max-width: 225px) 100vw, 225px\" \/><\/a>\n\t\t\t<\/div><\/figure><figure class='gallery-item'>\n\t\t\t<div class='gallery-icon portrait'>\n\t\t\t\t<a href='https:\/\/exposed.noclothes.de\/wp-content\/uploads\/2026\/04\/img-7ece75b9.jpeg'><img loading=\"lazy\" decoding=\"async\" width=\"178\" height=\"300\" src=\"https:\/\/exposed.noclothes.de\/wp-content\/uploads\/2026\/04\/img-7ece75b9-178x300.jpeg\" class=\"attachment-medium size-medium\" alt=\"\" srcset=\"https:\/\/exposed.noclothes.de\/wp-content\/uploads\/2026\/04\/img-7ece75b9-178x300.jpeg 178w, https:\/\/exposed.noclothes.de\/wp-content\/uploads\/2026\/04\/img-7ece75b9-608x1024.jpeg 608w, https:\/\/exposed.noclothes.de\/wp-content\/uploads\/2026\/04\/img-7ece75b9-768x1293.jpeg 768w, https:\/\/exposed.noclothes.de\/wp-content\/uploads\/2026\/04\/img-7ece75b9.jpeg 863w\" sizes=\"auto, (max-width: 178px) 100vw, 178px\" \/><\/a>\n\t\t\t<\/div><\/figure><figure class='gallery-item'>\n\t\t\t<div class='gallery-icon portrait'>\n\t\t\t\t<a href='https:\/\/exposed.noclothes.de\/wp-content\/uploads\/2026\/04\/full-c27a35f9.jpeg'><img loading=\"lazy\" decoding=\"async\" width=\"225\" height=\"300\" src=\"https:\/\/exposed.noclothes.de\/wp-content\/uploads\/2026\/04\/full-c27a35f9-225x300.jpeg\" class=\"attachment-medium size-medium\" alt=\"\" srcset=\"https:\/\/exposed.noclothes.de\/wp-content\/uploads\/2026\/04\/full-c27a35f9-225x300.jpeg 225w, https:\/\/exposed.noclothes.de\/wp-content\/uploads\/2026\/04\/full-c27a35f9-768x1024.jpeg 768w, https:\/\/exposed.noclothes.de\/wp-content\/uploads\/2026\/04\/full-c27a35f9-1152x1536.jpeg 1152w, https:\/\/exposed.noclothes.de\/wp-content\/uploads\/2026\/04\/full-c27a35f9.jpeg 1200w\" sizes=\"auto, (max-width: 225px) 100vw, 225px\" \/><\/a>\n\t\t\t<\/div><\/figure>\n\t\t<\/div>\n\n","protected":false},"excerpt":{"rendered":"<p>Mit ein gem\u00fctlicher Kerl der halt auch schon etwas in die Jahre gekommen ist! Bin \u00f6ftres geil und versuche es auch auszuleben Urs Schwendimann Geburtsdatum: 11.05.1961 Stra\u00dfe: Schmiedgasse 31g Ort: CH-3264 Diessbach bei B\u00fcren E-Mail: schwendimann62@gmail.com Telegram : http:\/\/t.me\/urssli Familenstand: Verheiratet Gr\u00f6\u00dfe : 183cm Gewicht: 110kg Penis: 16cm und meistens rasiert Sexuelle Ausrichtung: Bi Sexuelle [&hellip;]<\/p>\n","protected":false},"author":1,"featured_media":463,"parent":0,"menu_order":0,"comment_status":"closed","ping_status":"closed","template":"","meta":{"site-container-style":"default","site-container-layout":"default","site-sidebar-layout":"default","disable-article-header":"default","disable-site-header":"default","disable-site-footer":"default","disable-content-area-spacing":"default","footnotes":"","_links_to":"","_links_to_target":""},"categories":[1,6],"tags":[],"class_list":["post-461","page","type-page","status-publish","has-post-thumbnail","hentry","category-allgemein","category-neue-mitglieder"],"_links":{"self":[{"href":"https:\/\/exposed.noclothes.de\/index.php?rest_route=\/wp\/v2\/pages\/461","targetHints":{"allow":["GET"]}}],"collection":[{"href":"https:\/\/exposed.noclothes.de\/index.php?rest_route=\/wp\/v2\/pages"}],"about":[{"href":"https:\/\/exposed.noclothes.de\/index.php?rest_route=\/wp\/v2\/types\/page"}],"author":[{"embeddable":true,"href":"https:\/\/exposed.noclothes.de\/index.php?rest_route=\/wp\/v2\/users\/1"}],"replies":[{"embeddable":true,"href":"https:\/\/exposed.noclothes.de\/index.php?rest_route=%2Fwp%2Fv2%2Fcomments&post=461"}],"version-history":[{"count":5,"href":"https:\/\/exposed.noclothes.de\/index.php?rest_route=\/wp\/v2\/pages\/461\/revisions"}],"predecessor-version":[{"id":477,"href":"https:\/\/exposed.noclothes.de\/index.php?rest_route=\/wp\/v2\/pages\/461\/revisions\/477"}],"wp:featuredmedia":[{"embeddable":true,"href":"https:\/\/exposed.noclothes.de\/index.php?rest_route=\/wp\/v2\/media\/463"}],"wp:attachment":[{"href":"https:\/\/exposed.noclothes.de\/index.php?rest_route=%2Fwp%2Fv2%2Fmedia&parent=461"}],"wp:term":[{"taxonomy":"category","embeddable":true,"href":"https:\/\/exposed.noclothes.de\/index.php?rest_route=%2Fwp%2Fv2%2Fcategories&post=461"},{"taxonomy":"post_tag","embeddable":true,"href":"https:\/\/exposed.noclothes.de\/index.php?rest_route=%2Fwp%2Fv2%2Ftags&post=461"}],"curies":[{"name":"wp","href":"https:\/\/api.w.org\/{rel}","templated":true}]}}