{"id":407,"date":"2026-04-01T16:53:18","date_gmt":"2026-04-01T14:53:18","guid":{"rendered":"https:\/\/exposed.noclothes.de\/?page_id=407"},"modified":"2026-04-04T07:25:58","modified_gmt":"2026-04-04T05:25:58","slug":"kerstin-keil","status":"publish","type":"page","link":"https:\/\/exposed.noclothes.de\/?page_id=407","title":{"rendered":"Kerstin Keil (ID)"},"content":{"rendered":"<p>Ich bin eine Zeigegeile Webschlampe, ich liebe es Bilder von mir in Internetforen zu posten und mich zu zeigen.<\/p>\n<ul>\n<li>Name: Kerstin Keil<\/li>\n<li>Geburtsdatum: 13.09.1966<\/li>\n<li>Stra\u00dfe: Steiler Ackerweg 4<\/li>\n<li>Ort: Osterode am Harz<\/li>\n<li>E-Mail: <a href=\"mailto:ka4736-200@online.de\">ka4736-200@online.de<\/a><\/li>\n<li>Familenstand: Verheiratet<\/li>\n<li>Gr\u00f6\u00dfe : 162cm<\/li>\n<li>Gewicht: 72kg<br \/>\nK\u00f6rbchengr\u00f6\u00dfe: BH 85 D<\/li>\n<li>Sexuelle Ausrichtung: Hetero<\/li>\n<\/ul>\n<div id='gallery-1' class='gallery galleryid-407 gallery-columns-4 gallery-size-medium'><figure class='gallery-item'>\n\t\t\t<div class='gallery-icon portrait'>\n\t\t\t\t<a href='https:\/\/exposed.noclothes.de\/wp-content\/uploads\/2026\/04\/Kerstin-Keil-nackt-outdoor-120.jpg'><img loading=\"lazy\" decoding=\"async\" width=\"225\" height=\"300\" src=\"https:\/\/exposed.noclothes.de\/wp-content\/uploads\/2026\/04\/Kerstin-Keil-nackt-outdoor-120-225x300.jpg\" class=\"attachment-medium size-medium\" alt=\"\" srcset=\"https:\/\/exposed.noclothes.de\/wp-content\/uploads\/2026\/04\/Kerstin-Keil-nackt-outdoor-120-225x300.jpg 225w, https:\/\/exposed.noclothes.de\/wp-content\/uploads\/2026\/04\/Kerstin-Keil-nackt-outdoor-120.jpg 600w\" sizes=\"auto, (max-width: 225px) 100vw, 225px\" \/><\/a>\n\t\t\t<\/div><\/figure><figure class='gallery-item'>\n\t\t\t<div class='gallery-icon portrait'>\n\t\t\t\t<a href='https:\/\/exposed.noclothes.de\/wp-content\/uploads\/2026\/04\/Kerstin-Keil-nackt-outdoor-454.jpg'><img loading=\"lazy\" decoding=\"async\" width=\"225\" height=\"300\" src=\"https:\/\/exposed.noclothes.de\/wp-content\/uploads\/2026\/04\/Kerstin-Keil-nackt-outdoor-454-225x300.jpg\" class=\"attachment-medium size-medium\" alt=\"\" srcset=\"https:\/\/exposed.noclothes.de\/wp-content\/uploads\/2026\/04\/Kerstin-Keil-nackt-outdoor-454-225x300.jpg 225w, https:\/\/exposed.noclothes.de\/wp-content\/uploads\/2026\/04\/Kerstin-Keil-nackt-outdoor-454.jpg 600w\" sizes=\"auto, (max-width: 225px) 100vw, 225px\" \/><\/a>\n\t\t\t<\/div><\/figure><figure class='gallery-item'>\n\t\t\t<div class='gallery-icon portrait'>\n\t\t\t\t<a href='https:\/\/exposed.noclothes.de\/wp-content\/uploads\/2026\/04\/Kerstin-Keil-ohne-Slip-unterm-Minirock-419.jpg'><img loading=\"lazy\" decoding=\"async\" width=\"225\" height=\"300\" src=\"https:\/\/exposed.noclothes.de\/wp-content\/uploads\/2026\/04\/Kerstin-Keil-ohne-Slip-unterm-Minirock-419-225x300.jpg\" class=\"attachment-medium size-medium\" alt=\"\" srcset=\"https:\/\/exposed.noclothes.de\/wp-content\/uploads\/2026\/04\/Kerstin-Keil-ohne-Slip-unterm-Minirock-419-225x300.jpg 225w, https:\/\/exposed.noclothes.de\/wp-content\/uploads\/2026\/04\/Kerstin-Keil-ohne-Slip-unterm-Minirock-419.jpg 600w\" sizes=\"auto, (max-width: 225px) 100vw, 225px\" \/><\/a>\n\t\t\t<\/div><\/figure><figure class='gallery-item'>\n\t\t\t<div class='gallery-icon portrait'>\n\t\t\t\t<a href='https:\/\/exposed.noclothes.de\/wp-content\/uploads\/2026\/04\/Kerstin-Keil-ohne-Slip-unterm-Minirock-425.jpg'><img loading=\"lazy\" decoding=\"async\" width=\"225\" height=\"300\" src=\"https:\/\/exposed.noclothes.de\/wp-content\/uploads\/2026\/04\/Kerstin-Keil-ohne-Slip-unterm-Minirock-425-225x300.jpg\" class=\"attachment-medium size-medium\" alt=\"\" srcset=\"https:\/\/exposed.noclothes.de\/wp-content\/uploads\/2026\/04\/Kerstin-Keil-ohne-Slip-unterm-Minirock-425-225x300.jpg 225w, https:\/\/exposed.noclothes.de\/wp-content\/uploads\/2026\/04\/Kerstin-Keil-ohne-Slip-unterm-Minirock-425.jpg 600w\" sizes=\"auto, (max-width: 225px) 100vw, 225px\" \/><\/a>\n\t\t\t<\/div><\/figure>\n\t\t<\/div>\n\n<p><img loading=\"lazy\" decoding=\"async\" class=\"alignnone size-medium wp-image-416\" src=\"https:\/\/exposed.noclothes.de\/wp-content\/uploads\/2026\/04\/Kerstin-Keil-Vollouting-1-300x203.jpg\" alt=\"\" width=\"300\" height=\"203\" srcset=\"https:\/\/exposed.noclothes.de\/wp-content\/uploads\/2026\/04\/Kerstin-Keil-Vollouting-1-300x203.jpg 300w, https:\/\/exposed.noclothes.de\/wp-content\/uploads\/2026\/04\/Kerstin-Keil-Vollouting-1-768x520.jpg 768w, https:\/\/exposed.noclothes.de\/wp-content\/uploads\/2026\/04\/Kerstin-Keil-Vollouting-1.jpg 792w\" sizes=\"auto, (max-width: 300px) 100vw, 300px\" \/><\/p>\n","protected":false},"excerpt":{"rendered":"<p>Ich bin eine Zeigegeile Webschlampe, ich liebe es Bilder von mir in Internetforen zu posten und mich zu zeigen. Name: Kerstin Keil Geburtsdatum: 13.09.1966 Stra\u00dfe: Steiler Ackerweg 4 Ort: Osterode am Harz E-Mail: ka4736-200@online.de Familenstand: Verheiratet Gr\u00f6\u00dfe : 162cm Gewicht: 72kg K\u00f6rbchengr\u00f6\u00dfe: BH 85 D Sexuelle Ausrichtung: Hetero<\/p>\n","protected":false},"author":1,"featured_media":411,"parent":0,"menu_order":0,"comment_status":"open","ping_status":"closed","template":"","meta":{"site-container-style":"default","site-container-layout":"default","site-sidebar-layout":"default","disable-article-header":"default","disable-site-header":"default","disable-site-footer":"default","disable-content-area-spacing":"default","footnotes":"","_links_to":"","_links_to_target":""},"categories":[1,16],"tags":[15,8],"class_list":["post-407","page","type-page","status-publish","has-post-thumbnail","hentry","category-allgemein","category-mit-id","tag-kerstin-keil","tag-mit-id"],"_links":{"self":[{"href":"https:\/\/exposed.noclothes.de\/index.php?rest_route=\/wp\/v2\/pages\/407","targetHints":{"allow":["GET"]}}],"collection":[{"href":"https:\/\/exposed.noclothes.de\/index.php?rest_route=\/wp\/v2\/pages"}],"about":[{"href":"https:\/\/exposed.noclothes.de\/index.php?rest_route=\/wp\/v2\/types\/page"}],"author":[{"embeddable":true,"href":"https:\/\/exposed.noclothes.de\/index.php?rest_route=\/wp\/v2\/users\/1"}],"replies":[{"embeddable":true,"href":"https:\/\/exposed.noclothes.de\/index.php?rest_route=%2Fwp%2Fv2%2Fcomments&post=407"}],"version-history":[{"count":8,"href":"https:\/\/exposed.noclothes.de\/index.php?rest_route=\/wp\/v2\/pages\/407\/revisions"}],"predecessor-version":[{"id":453,"href":"https:\/\/exposed.noclothes.de\/index.php?rest_route=\/wp\/v2\/pages\/407\/revisions\/453"}],"wp:featuredmedia":[{"embeddable":true,"href":"https:\/\/exposed.noclothes.de\/index.php?rest_route=\/wp\/v2\/media\/411"}],"wp:attachment":[{"href":"https:\/\/exposed.noclothes.de\/index.php?rest_route=%2Fwp%2Fv2%2Fmedia&parent=407"}],"wp:term":[{"taxonomy":"category","embeddable":true,"href":"https:\/\/exposed.noclothes.de\/index.php?rest_route=%2Fwp%2Fv2%2Fcategories&post=407"},{"taxonomy":"post_tag","embeddable":true,"href":"https:\/\/exposed.noclothes.de\/index.php?rest_route=%2Fwp%2Fv2%2Ftags&post=407"}],"curies":[{"name":"wp","href":"https:\/\/api.w.org\/{rel}","templated":true}]}}