{"id":388,"date":"2026-03-31T19:59:19","date_gmt":"2026-03-31T17:59:19","guid":{"rendered":"https:\/\/exposed.noclothes.de\/?page_id=388"},"modified":"2026-04-10T19:29:37","modified_gmt":"2026-04-10T17:29:37","slug":"julien-dubois","status":"publish","type":"page","link":"https:\/\/exposed.noclothes.de\/?page_id=388","title":{"rendered":"Julien Dubois"},"content":{"rendered":"<p>Im Sommer gehe ich manchmal v\u00f6llig nackt in der Natur spazieren. Ich liebe es, mich frei zu f\u00fchlen und nackt Sonne zu tanken, aber besonders genie\u00dfe ich es, mich zu zeigen. Seit einigen Jahren begn\u00fcge ich mich nicht mehr damit, einfach nur nackt herumzulaufen. Meine ersten homosexuellen Erfahrungen reichen bis in meine Jugend zur\u00fcck. Ich war sogar verheiratet! Wenn ich nackt an einem Schwulenstrand bin, habe ich bemerkt, dass mein komplett rasierter K\u00f6rper und meine h\u00fcbschen Br\u00fcste eher aktive M\u00e4nner anziehen. Nach zahlreichen Erfahrungen, bei denen ich sexuell gen\u00f6tigt wurde.<\/p>\n<ul>\n<li>Name: Julien Dubois<\/li>\n<li>Geburtsdatum: 15.09.1969<\/li>\n<li>Stra\u00dfe: Rue Centrale<\/li>\n<li>Ort: 1580 Avenches<\/li>\n<li>E-Mail: <a href=\"mailto:jujupotentiel@proton.me\">jujupotentiel@proton.me<\/a><\/li>\n<li>Telegram: <a href=\"http:\/\/t.me\/jujupotentiel\" target=\"_blank\" rel=\"noopener\">http:\/\/t.me\/jujupotentiel<\/a><\/li>\n<li>Familenstand: in couple<\/li>\n<li>Gr\u00f6\u00dfe : 183cm<\/li>\n<li>Gewicht: 87kg<\/li>\n<li>Penis: 17 cm rasiert<\/li>\n<li>Sexuelle Ausrichtung: bi, gay<\/li>\n<li>Sexuelle Interessen: Ich stehe auf Exhibitionismus und liebe es, begehrt zu werden.<br \/>\nIch liebe es, zu blasen und zu lecken, egal ob bei M\u00e4nnern oder Frauen. Ich mag Rollenspiele zwischen M\u00e4nnern und Frauen, bin aber eher passiv, manchmal auch switch.<\/li>\n<\/ul>\n<div id='gallery-1' class='gallery galleryid-388 gallery-columns-4 gallery-size-medium'><figure class='gallery-item'>\n\t\t\t<div class='gallery-icon portrait'>\n\t\t\t\t<a href='https:\/\/exposed.noclothes.de\/wp-content\/uploads\/2026\/03\/Juju2-scaled.jpg'><img loading=\"lazy\" decoding=\"async\" width=\"225\" height=\"300\" src=\"https:\/\/exposed.noclothes.de\/wp-content\/uploads\/2026\/03\/Juju2-225x300.jpg\" class=\"attachment-medium size-medium\" alt=\"\" srcset=\"https:\/\/exposed.noclothes.de\/wp-content\/uploads\/2026\/03\/Juju2-225x300.jpg 225w, https:\/\/exposed.noclothes.de\/wp-content\/uploads\/2026\/03\/Juju2-768x1024.jpg 768w, https:\/\/exposed.noclothes.de\/wp-content\/uploads\/2026\/03\/Juju2-1152x1536.jpg 1152w, https:\/\/exposed.noclothes.de\/wp-content\/uploads\/2026\/03\/Juju2-1536x2048.jpg 1536w, https:\/\/exposed.noclothes.de\/wp-content\/uploads\/2026\/03\/Juju2-1320x1760.jpg 1320w, https:\/\/exposed.noclothes.de\/wp-content\/uploads\/2026\/03\/Juju2-scaled.jpg 1920w\" sizes=\"auto, (max-width: 225px) 100vw, 225px\" \/><\/a>\n\t\t\t<\/div><\/figure><figure class='gallery-item'>\n\t\t\t<div class='gallery-icon portrait'>\n\t\t\t\t<a href='https:\/\/exposed.noclothes.de\/wp-content\/uploads\/2026\/03\/Juju3-scaled.jpg'><img loading=\"lazy\" decoding=\"async\" width=\"225\" height=\"300\" src=\"https:\/\/exposed.noclothes.de\/wp-content\/uploads\/2026\/03\/Juju3-225x300.jpg\" class=\"attachment-medium size-medium\" alt=\"\" srcset=\"https:\/\/exposed.noclothes.de\/wp-content\/uploads\/2026\/03\/Juju3-225x300.jpg 225w, https:\/\/exposed.noclothes.de\/wp-content\/uploads\/2026\/03\/Juju3-768x1024.jpg 768w, https:\/\/exposed.noclothes.de\/wp-content\/uploads\/2026\/03\/Juju3-1152x1536.jpg 1152w, https:\/\/exposed.noclothes.de\/wp-content\/uploads\/2026\/03\/Juju3-1536x2048.jpg 1536w, https:\/\/exposed.noclothes.de\/wp-content\/uploads\/2026\/03\/Juju3-1320x1760.jpg 1320w, https:\/\/exposed.noclothes.de\/wp-content\/uploads\/2026\/03\/Juju3-scaled.jpg 1920w\" sizes=\"auto, (max-width: 225px) 100vw, 225px\" \/><\/a>\n\t\t\t<\/div><\/figure><figure class='gallery-item'>\n\t\t\t<div class='gallery-icon portrait'>\n\t\t\t\t<a href='https:\/\/exposed.noclothes.de\/wp-content\/uploads\/2026\/03\/Juju-1-scaled.jpg'><img loading=\"lazy\" decoding=\"async\" width=\"225\" height=\"300\" src=\"https:\/\/exposed.noclothes.de\/wp-content\/uploads\/2026\/03\/Juju-1-225x300.jpg\" class=\"attachment-medium size-medium\" alt=\"\" srcset=\"https:\/\/exposed.noclothes.de\/wp-content\/uploads\/2026\/03\/Juju-1-225x300.jpg 225w, https:\/\/exposed.noclothes.de\/wp-content\/uploads\/2026\/03\/Juju-1-768x1024.jpg 768w, https:\/\/exposed.noclothes.de\/wp-content\/uploads\/2026\/03\/Juju-1-1152x1536.jpg 1152w, https:\/\/exposed.noclothes.de\/wp-content\/uploads\/2026\/03\/Juju-1-1536x2048.jpg 1536w, https:\/\/exposed.noclothes.de\/wp-content\/uploads\/2026\/03\/Juju-1-1320x1760.jpg 1320w, https:\/\/exposed.noclothes.de\/wp-content\/uploads\/2026\/03\/Juju-1-scaled.jpg 1920w\" sizes=\"auto, (max-width: 225px) 100vw, 225px\" \/><\/a>\n\t\t\t<\/div><\/figure><figure class='gallery-item'>\n\t\t\t<div class='gallery-icon portrait'>\n\t\t\t\t<a href='https:\/\/exposed.noclothes.de\/wp-content\/uploads\/2026\/03\/juju-sans-fond.jpg'><img loading=\"lazy\" decoding=\"async\" width=\"213\" height=\"300\" src=\"https:\/\/exposed.noclothes.de\/wp-content\/uploads\/2026\/03\/juju-sans-fond-213x300.jpg\" class=\"attachment-medium size-medium\" alt=\"\" srcset=\"https:\/\/exposed.noclothes.de\/wp-content\/uploads\/2026\/03\/juju-sans-fond-213x300.jpg 213w, https:\/\/exposed.noclothes.de\/wp-content\/uploads\/2026\/03\/juju-sans-fond-728x1024.jpg 728w, https:\/\/exposed.noclothes.de\/wp-content\/uploads\/2026\/03\/juju-sans-fond-768x1081.jpg 768w, https:\/\/exposed.noclothes.de\/wp-content\/uploads\/2026\/03\/juju-sans-fond-1092x1536.jpg 1092w, https:\/\/exposed.noclothes.de\/wp-content\/uploads\/2026\/03\/juju-sans-fond-1455x2048.jpg 1455w, https:\/\/exposed.noclothes.de\/wp-content\/uploads\/2026\/03\/juju-sans-fond-1320x1857.jpg 1320w, https:\/\/exposed.noclothes.de\/wp-content\/uploads\/2026\/03\/juju-sans-fond.jpg 1670w\" sizes=\"auto, (max-width: 213px) 100vw, 213px\" \/><\/a>\n\t\t\t<\/div><\/figure>\n\t\t<\/div>\n\n<p>&nbsp;<\/p>\n","protected":false},"excerpt":{"rendered":"<p>Im Sommer gehe ich manchmal v\u00f6llig nackt in der Natur spazieren. Ich liebe es, mich frei zu f\u00fchlen und nackt Sonne zu tanken, aber besonders genie\u00dfe ich es, mich zu zeigen. Seit einigen Jahren begn\u00fcge ich mich nicht mehr damit, einfach nur nackt herumzulaufen. Meine ersten homosexuellen Erfahrungen reichen bis in meine Jugend zur\u00fcck. Ich [&hellip;]<\/p>\n","protected":false},"author":1,"featured_media":397,"parent":0,"menu_order":0,"comment_status":"open","ping_status":"closed","template":"","meta":{"site-container-style":"default","site-container-layout":"default","site-sidebar-layout":"default","disable-article-header":"default","disable-site-header":"default","disable-site-footer":"default","disable-content-area-spacing":"default","footnotes":"","_links_to":"","_links_to_target":""},"categories":[1,6],"tags":[14],"class_list":["post-388","page","type-page","status-publish","has-post-thumbnail","hentry","category-allgemein","category-neue-mitglieder","tag-julien-dubois"],"_links":{"self":[{"href":"https:\/\/exposed.noclothes.de\/index.php?rest_route=\/wp\/v2\/pages\/388","targetHints":{"allow":["GET"]}}],"collection":[{"href":"https:\/\/exposed.noclothes.de\/index.php?rest_route=\/wp\/v2\/pages"}],"about":[{"href":"https:\/\/exposed.noclothes.de\/index.php?rest_route=\/wp\/v2\/types\/page"}],"author":[{"embeddable":true,"href":"https:\/\/exposed.noclothes.de\/index.php?rest_route=\/wp\/v2\/users\/1"}],"replies":[{"embeddable":true,"href":"https:\/\/exposed.noclothes.de\/index.php?rest_route=%2Fwp%2Fv2%2Fcomments&post=388"}],"version-history":[{"count":5,"href":"https:\/\/exposed.noclothes.de\/index.php?rest_route=\/wp\/v2\/pages\/388\/revisions"}],"predecessor-version":[{"id":476,"href":"https:\/\/exposed.noclothes.de\/index.php?rest_route=\/wp\/v2\/pages\/388\/revisions\/476"}],"wp:featuredmedia":[{"embeddable":true,"href":"https:\/\/exposed.noclothes.de\/index.php?rest_route=\/wp\/v2\/media\/397"}],"wp:attachment":[{"href":"https:\/\/exposed.noclothes.de\/index.php?rest_route=%2Fwp%2Fv2%2Fmedia&parent=388"}],"wp:term":[{"taxonomy":"category","embeddable":true,"href":"https:\/\/exposed.noclothes.de\/index.php?rest_route=%2Fwp%2Fv2%2Fcategories&post=388"},{"taxonomy":"post_tag","embeddable":true,"href":"https:\/\/exposed.noclothes.de\/index.php?rest_route=%2Fwp%2Fv2%2Ftags&post=388"}],"curies":[{"name":"wp","href":"https:\/\/api.w.org\/{rel}","templated":true}]}}