{"id":361,"date":"2026-03-29T13:34:40","date_gmt":"2026-03-29T11:34:40","guid":{"rendered":"https:\/\/exposed.noclothes.de\/?page_id=361"},"modified":"2026-04-10T19:46:16","modified_gmt":"2026-04-10T17:46:16","slug":"bernd-fedderwitz","status":"publish","type":"page","link":"https:\/\/exposed.noclothes.de\/?page_id=361","title":{"rendered":"Bernd Fedderwitz (ID)"},"content":{"rendered":"<p>Ich bin ein ruhiger \u00e4lterer Mann mit ein paar Gramm Zuviel.<\/p>\n<ul>\n<li>Name: Bernd Fedderwitz<\/li>\n<li>Geburtsdatum: 08.02.1963<\/li>\n<li>Stra\u00dfe: Allmersstra\u00dfe 6<\/li>\n<li>Ort: 28779. Bremen<\/li>\n<li>E-Mail: <a href=\"mailto:haribobf63@gmail.com\">haribobf63@gmail.com<\/a><\/li>\n<li>Telefon\/Whatsapp: +49 1796826885<\/li>\n<li>Familenstand: Verheiratet<\/li>\n<li>Gr\u00f6\u00dfe : 183cm<\/li>\n<li>Gewicht: 108kg<\/li>\n<li>Penis: 19\u00d74,5 unbeschnitten<\/li>\n<li>Sexuelle Ausrichtung: Hetro \/bisexuellen Neigung<\/li>\n<li>Sexuelle Interessen: Sex im Freien, manchen, Manchmal einen Schwanz blasen.<\/li>\n<\/ul>\n<div id='gallery-1' class='gallery galleryid-361 gallery-columns-4 gallery-size-medium'><figure class='gallery-item'>\n\t\t\t<div class='gallery-icon portrait'>\n\t\t\t\t<a href='https:\/\/exposed.noclothes.de\/wp-content\/uploads\/2026\/03\/IMG_0837-scaled.jpeg'><img loading=\"lazy\" decoding=\"async\" width=\"225\" height=\"300\" src=\"https:\/\/exposed.noclothes.de\/wp-content\/uploads\/2026\/03\/IMG_0837-225x300.jpeg\" class=\"attachment-medium size-medium\" alt=\"\" srcset=\"https:\/\/exposed.noclothes.de\/wp-content\/uploads\/2026\/03\/IMG_0837-225x300.jpeg 225w, https:\/\/exposed.noclothes.de\/wp-content\/uploads\/2026\/03\/IMG_0837-768x1024.jpeg 768w, https:\/\/exposed.noclothes.de\/wp-content\/uploads\/2026\/03\/IMG_0837-1152x1536.jpeg 1152w, https:\/\/exposed.noclothes.de\/wp-content\/uploads\/2026\/03\/IMG_0837-1536x2048.jpeg 1536w, https:\/\/exposed.noclothes.de\/wp-content\/uploads\/2026\/03\/IMG_0837-1320x1760.jpeg 1320w, https:\/\/exposed.noclothes.de\/wp-content\/uploads\/2026\/03\/IMG_0837-scaled.jpeg 1920w\" sizes=\"auto, (max-width: 225px) 100vw, 225px\" \/><\/a>\n\t\t\t<\/div><\/figure><figure class='gallery-item'>\n\t\t\t<div class='gallery-icon portrait'>\n\t\t\t\t<a href='https:\/\/exposed.noclothes.de\/wp-content\/uploads\/2026\/03\/IMG_0839.jpeg'><img loading=\"lazy\" decoding=\"async\" width=\"225\" height=\"300\" src=\"https:\/\/exposed.noclothes.de\/wp-content\/uploads\/2026\/03\/IMG_0839-225x300.jpeg\" class=\"attachment-medium size-medium\" alt=\"\" srcset=\"https:\/\/exposed.noclothes.de\/wp-content\/uploads\/2026\/03\/IMG_0839-225x300.jpeg 225w, https:\/\/exposed.noclothes.de\/wp-content\/uploads\/2026\/03\/IMG_0839-768x1024.jpeg 768w, https:\/\/exposed.noclothes.de\/wp-content\/uploads\/2026\/03\/IMG_0839-1152x1536.jpeg 1152w, https:\/\/exposed.noclothes.de\/wp-content\/uploads\/2026\/03\/IMG_0839.jpeg 1220w\" sizes=\"auto, (max-width: 225px) 100vw, 225px\" \/><\/a>\n\t\t\t<\/div><\/figure><figure class='gallery-item'>\n\t\t\t<div class='gallery-icon portrait'>\n\t\t\t\t<a href='https:\/\/exposed.noclothes.de\/wp-content\/uploads\/2026\/03\/IMG_0843.jpeg'><img loading=\"lazy\" decoding=\"async\" width=\"254\" height=\"300\" src=\"https:\/\/exposed.noclothes.de\/wp-content\/uploads\/2026\/03\/IMG_0843-254x300.jpeg\" class=\"attachment-medium size-medium\" alt=\"\" srcset=\"https:\/\/exposed.noclothes.de\/wp-content\/uploads\/2026\/03\/IMG_0843-254x300.jpeg 254w, https:\/\/exposed.noclothes.de\/wp-content\/uploads\/2026\/03\/IMG_0843-868x1024.jpeg 868w, https:\/\/exposed.noclothes.de\/wp-content\/uploads\/2026\/03\/IMG_0843-768x907.jpeg 768w, https:\/\/exposed.noclothes.de\/wp-content\/uploads\/2026\/03\/IMG_0843-1301x1536.jpeg 1301w, https:\/\/exposed.noclothes.de\/wp-content\/uploads\/2026\/03\/IMG_0843-1320x1558.jpeg 1320w, https:\/\/exposed.noclothes.de\/wp-content\/uploads\/2026\/03\/IMG_0843.jpeg 1735w\" sizes=\"auto, (max-width: 254px) 100vw, 254px\" \/><\/a>\n\t\t\t<\/div><\/figure><figure class='gallery-item'>\n\t\t\t<div class='gallery-icon portrait'>\n\t\t\t\t<a href='https:\/\/exposed.noclothes.de\/wp-content\/uploads\/2026\/03\/IMG_0844-scaled.jpeg'><img loading=\"lazy\" decoding=\"async\" width=\"178\" height=\"300\" src=\"https:\/\/exposed.noclothes.de\/wp-content\/uploads\/2026\/03\/IMG_0844-178x300.jpeg\" class=\"attachment-medium size-medium\" alt=\"\" srcset=\"https:\/\/exposed.noclothes.de\/wp-content\/uploads\/2026\/03\/IMG_0844-178x300.jpeg 178w, https:\/\/exposed.noclothes.de\/wp-content\/uploads\/2026\/03\/IMG_0844-608x1024.jpeg 608w, https:\/\/exposed.noclothes.de\/wp-content\/uploads\/2026\/03\/IMG_0844-768x1294.jpeg 768w, https:\/\/exposed.noclothes.de\/wp-content\/uploads\/2026\/03\/IMG_0844-912x1536.jpeg 912w, https:\/\/exposed.noclothes.de\/wp-content\/uploads\/2026\/03\/IMG_0844-1215x2048.jpeg 1215w, https:\/\/exposed.noclothes.de\/wp-content\/uploads\/2026\/03\/IMG_0844-1320x2224.jpeg 1320w, https:\/\/exposed.noclothes.de\/wp-content\/uploads\/2026\/03\/IMG_0844-scaled.jpeg 1519w\" sizes=\"auto, (max-width: 178px) 100vw, 178px\" \/><\/a>\n\t\t\t<\/div><\/figure>\n\t\t<\/div>\n\n<div id='gallery-2' class='gallery galleryid-361 gallery-columns-2 gallery-size-medium'><figure class='gallery-item'>\n\t\t\t<div class='gallery-icon landscape'>\n\t\t\t\t<a href='https:\/\/exposed.noclothes.de\/wp-content\/uploads\/2026\/03\/IMG_0841.jpeg'><img loading=\"lazy\" decoding=\"async\" width=\"300\" height=\"188\" src=\"https:\/\/exposed.noclothes.de\/wp-content\/uploads\/2026\/03\/IMG_0841-300x188.jpeg\" class=\"attachment-medium size-medium\" alt=\"\" srcset=\"https:\/\/exposed.noclothes.de\/wp-content\/uploads\/2026\/03\/IMG_0841-300x188.jpeg 300w, https:\/\/exposed.noclothes.de\/wp-content\/uploads\/2026\/03\/IMG_0841.jpeg 640w\" sizes=\"auto, (max-width: 300px) 100vw, 300px\" \/><\/a>\n\t\t\t<\/div><\/figure><figure class='gallery-item'>\n\t\t\t<div class='gallery-icon landscape'>\n\t\t\t\t<a href='https:\/\/exposed.noclothes.de\/wp-content\/uploads\/2026\/03\/IMG_0842.jpeg'><img loading=\"lazy\" decoding=\"async\" width=\"300\" height=\"190\" src=\"https:\/\/exposed.noclothes.de\/wp-content\/uploads\/2026\/03\/IMG_0842-300x190.jpeg\" class=\"attachment-medium size-medium\" alt=\"\" srcset=\"https:\/\/exposed.noclothes.de\/wp-content\/uploads\/2026\/03\/IMG_0842-300x190.jpeg 300w, https:\/\/exposed.noclothes.de\/wp-content\/uploads\/2026\/03\/IMG_0842.jpeg 640w\" sizes=\"auto, (max-width: 300px) 100vw, 300px\" \/><\/a>\n\t\t\t<\/div><\/figure>\n\t\t<\/div>\n\n<p>&nbsp;<\/p>\n","protected":false},"excerpt":{"rendered":"<p>Ich bin ein ruhiger \u00e4lterer Mann mit ein paar Gramm Zuviel. Name: Bernd Fedderwitz Geburtsdatum: 08.02.1963 Stra\u00dfe: Allmersstra\u00dfe 6 Ort: 28779. Bremen E-Mail: haribobf63@gmail.com Telefon\/Whatsapp: +49 1796826885 Familenstand: Verheiratet Gr\u00f6\u00dfe : 183cm Gewicht: 108kg Penis: 19\u00d74,5 unbeschnitten Sexuelle Ausrichtung: Hetro \/bisexuellen Neigung Sexuelle Interessen: Sex im Freien, manchen, Manchmal einen Schwanz blasen. &nbsp;<\/p>\n","protected":false},"author":1,"featured_media":368,"parent":0,"menu_order":0,"comment_status":"open","ping_status":"closed","template":"","meta":{"site-container-style":"default","site-container-layout":"default","site-sidebar-layout":"default","disable-article-header":"default","disable-site-header":"default","disable-site-footer":"default","disable-content-area-spacing":"default","footnotes":"","_links_to":"","_links_to_target":""},"categories":[1,16],"tags":[9,8],"class_list":["post-361","page","type-page","status-publish","has-post-thumbnail","hentry","category-allgemein","category-mit-id","tag-bernd-fedderwitz","tag-mit-id"],"_links":{"self":[{"href":"https:\/\/exposed.noclothes.de\/index.php?rest_route=\/wp\/v2\/pages\/361","targetHints":{"allow":["GET"]}}],"collection":[{"href":"https:\/\/exposed.noclothes.de\/index.php?rest_route=\/wp\/v2\/pages"}],"about":[{"href":"https:\/\/exposed.noclothes.de\/index.php?rest_route=\/wp\/v2\/types\/page"}],"author":[{"embeddable":true,"href":"https:\/\/exposed.noclothes.de\/index.php?rest_route=\/wp\/v2\/users\/1"}],"replies":[{"embeddable":true,"href":"https:\/\/exposed.noclothes.de\/index.php?rest_route=%2Fwp%2Fv2%2Fcomments&post=361"}],"version-history":[{"count":8,"href":"https:\/\/exposed.noclothes.de\/index.php?rest_route=\/wp\/v2\/pages\/361\/revisions"}],"predecessor-version":[{"id":479,"href":"https:\/\/exposed.noclothes.de\/index.php?rest_route=\/wp\/v2\/pages\/361\/revisions\/479"}],"wp:featuredmedia":[{"embeddable":true,"href":"https:\/\/exposed.noclothes.de\/index.php?rest_route=\/wp\/v2\/media\/368"}],"wp:attachment":[{"href":"https:\/\/exposed.noclothes.de\/index.php?rest_route=%2Fwp%2Fv2%2Fmedia&parent=361"}],"wp:term":[{"taxonomy":"category","embeddable":true,"href":"https:\/\/exposed.noclothes.de\/index.php?rest_route=%2Fwp%2Fv2%2Fcategories&post=361"},{"taxonomy":"post_tag","embeddable":true,"href":"https:\/\/exposed.noclothes.de\/index.php?rest_route=%2Fwp%2Fv2%2Ftags&post=361"}],"curies":[{"name":"wp","href":"https:\/\/api.w.org\/{rel}","templated":true}]}}