{"id":328,"date":"2026-03-15T09:31:27","date_gmt":"2026-03-15T08:31:27","guid":{"rendered":"https:\/\/exposed.noclothes.de\/?page_id=328"},"modified":"2026-03-29T13:58:07","modified_gmt":"2026-03-29T11:58:07","slug":"gaestebuch","status":"publish","type":"page","link":"https:\/\/exposed.noclothes.de\/?page_id=328","title":{"rendered":"G\u00e4stebuch"},"content":{"rendered":"<div class=\"gwolle-gb\"><div class=\"gwolle-gb-messages-top-container\"><\/div>\n\t\t\t<div class=\"gwolle-gb-write-button\">\n\t\t\t\t<input type=\"button\" name=\"gwolle-gb-write-button\" class=\"button btn btn-default \" value=\"Neuen Eintrag schreiben\" aria-expanded=\"false\" \/>\n\t\t\t<\/div>\n\t\t\t<form action=\"#\" method=\"POST\" class=\"gwolle-gb-write gwolle-gb-hide gwolle-gb-float gwolle-gb-form-ajax gwolle-gb-ajax gwolle-gb-not-logged-in\">\n\t\t\t\t<h3>Einen neuen Eintrag f\u00fcr das G\u00e4stebuch schreiben<\/h3>\n\t\t\t\t<button type=\"button\" class=\"gb-notice-dismiss\">x<span class=\"screen-reader-text\">Dieses Formular ausblenden<\/span><\/button>\n\t\t\t\n\t\t\t\t<input type=\"hidden\" name=\"gwolle_gb_function\" class=\"gwolle_gb_function\" value=\"add_entry\" \/><input type=\"hidden\" name=\"gwolle_gb_book_id\" class=\"gwolle_gb_book_id\" value=\"1\" \/><div class=\"gwolle_gb_e8ce4d66dd91993ed73fbccd732dd551\">\n\t\t\t\t<div class=\"label\"><label for=\"gwolle_gb_e8ce4d66dd91993ed73fbccd732dd551-1\" class=\"text-info\">Name <span class=\"required\">*<\/span><\/label><\/div>\n\t\t\t\t<div class=\"input\"><input class=\"wp-exclude-emoji gwolle_gb_e8ce4d66dd91993ed73fbccd732dd551\" value=\"\" type=\"text\" id=\"gwolle_gb_e8ce4d66dd91993ed73fbccd732dd551-1\" name=\"gwolle_gb_e8ce4d66dd91993ed73fbccd732dd551\" required \/><\/div>\n\t\t\t\t<div class=\"clearBoth\">&nbsp;<\/div>\n\t\t\t<\/div><div class=\"gwolle_gb_2204380e4a4fa59565fab0b0b037062a\">\n\t\t\t\t\t<div class=\"label\"><label for=\"gwolle_gb_2204380e4a4fa59565fab0b0b037062a-1\" class=\"text-info\">Stadt<\/label><\/div>\n\t\t\t\t\t<div class=\"input\"><input class=\"wp-exclude-emoji gwolle_gb_2204380e4a4fa59565fab0b0b037062a\" value=\"\" type=\"text\" id=\"gwolle_gb_2204380e4a4fa59565fab0b0b037062a-1\" name=\"gwolle_gb_2204380e4a4fa59565fab0b0b037062a\" \/><\/div>\n\t\t\t\t\t<div class=\"clearBoth\">&nbsp;<\/div>\n\t\t\t\t<\/div><div class=\"gwolle_gb_528d0a36d0330f8e6a939d4cd288d451\">\n\t\t\t\t<div class=\"label\"><label for=\"gwolle_gb_528d0a36d0330f8e6a939d4cd288d451-1\" class=\"text-info\">E-Mail <span class=\"required\">*<\/span><\/label><\/div>\n\t\t\t\t<div class=\"input\"><input class=\"gwolle_gb_528d0a36d0330f8e6a939d4cd288d451\" value=\"\" type=\"email\" id=\"gwolle_gb_528d0a36d0330f8e6a939d4cd288d451-1\" name=\"gwolle_gb_528d0a36d0330f8e6a939d4cd288d451\" required \/><\/div>\n\t\t\t\t<div class=\"clearBoth\">&nbsp;<\/div>\n\t\t\t<\/div><div class=\"gwolle_gb_3aab8d9a93db83545a32d527bdbca107\">\n\t\t\t\t<div class=\"label\"><label for=\"gwolle_gb_3aab8d9a93db83545a32d527bdbca107-1\" class=\"text-info\">Website<\/label><\/div>\n\t\t\t\t<div class=\"input\"><input class=\"gwolle_gb_3aab8d9a93db83545a32d527bdbca107\" value=\"\" type=\"url\" id=\"gwolle_gb_3aab8d9a93db83545a32d527bdbca107-1\" name=\"gwolle_gb_3aab8d9a93db83545a32d527bdbca107\" \/><\/div>\n\t\t\t\t<div class=\"clearBoth\">&nbsp;<\/div>\n\t\t\t<\/div>\n\t\t\t<div class=\"gwolle_gb_b419f9086ff8f0ab3704727b7ad846ca\" style=\"display:none;overflow:hidden;\" hidden=\"true\" aria-hidden=\"true\">\n\t\t\t\t<div class=\"label\">\n\t\t\t\t\t<label for=\"gwolle_gb_b419f9086ff8f0ab3704727b7ad846ca-1\" class=\"text-primary\">Hier nichts eingeben<\/label>\n\t\t\t\t\t<label for=\"gwolle_gb_cbbca94bb61a2ca270b948c57131b3e3-1\" class=\"text-primary\">Hier nichts eingeben<\/label>\n\t\t\t\t<\/div>\n\t\t\t\t<div class=\"input\">\n\t\t\t\t\t<input value=\"68\" type=\"text\" id=\"gwolle_gb_b419f9086ff8f0ab3704727b7ad846ca-1\" name=\"gwolle_gb_b419f9086ff8f0ab3704727b7ad846ca\" class=\"gwolle_gb_b419f9086ff8f0ab3704727b7ad846ca\" style=\"transform: translateY(10000px);\" \/>\n\t\t\t\t\t<input value=\"\" type=\"text\" name=\"gwolle_gb_cbbca94bb61a2ca270b948c57131b3e3\" id=\"gwolle_gb_cbbca94bb61a2ca270b948c57131b3e3-1\" class=\"gwolle_gb_cbbca94bb61a2ca270b948c57131b3e3\" style=\"transform: translateY(10000px);\" \/>\n\t\t\t\t<\/div>\n\t\t\t\t<div class=\"clearBoth\"><\/div>\n\t\t\t<\/div>\n\t\t\t<div class=\"gwolle_gb_9565fcce8f07c9a4fa8af450ebf61ee2\" style=\"display:none;overflow:hidden;\" hidden=\"true\" aria-hidden=\"true\">\n\t\t\t\t<div class=\"label\">\n\t\t\t\t\t<label for=\"gwolle_gb_9565fcce8f07c9a4fa8af450ebf61ee2-1\" class=\"text-primary\">Hier nichts eingeben<\/label>\n\t\t\t\t\t<label for=\"gwolle_gb_1124c16ee31b0af0393da5eafead7aad-1\" class=\"text-primary\">Hier nichts eingeben<\/label>\n\t\t\t\t<\/div>\n\t\t\t\t<div class=\"input\">\n\t\t\t\t\t<input value=\"52331\" type=\"text\" id=\"gwolle_gb_9565fcce8f07c9a4fa8af450ebf61ee2-1\" name=\"gwolle_gb_9565fcce8f07c9a4fa8af450ebf61ee2\" class=\"gwolle_gb_9565fcce8f07c9a4fa8af450ebf61ee2\" style=\"transform: translateY(10000px);\" \/>\n\t\t\t\t\t<input value=\"52331\" type=\"text\"id=\"gwolle_gb_1124c16ee31b0af0393da5eafead7aad-1\" name=\"gwolle_gb_1124c16ee31b0af0393da5eafead7aad\" class=\"gwolle_gb_1124c16ee31b0af0393da5eafead7aad\" style=\"transform: translateY(10000px);\" \/>\n\t\t\t\t<\/div>\n\t\t\t\t<div class=\"clearBoth\"><\/div>\n\t\t\t<\/div><div class=\"gwolle_gb_content\">\n\t\t\t\t<div class=\"label\"><label for=\"gwolle_gb_content-1\" class=\"text-info\">G\u00e4stebucheintrag <span class=\"required\">*<\/span><\/label><\/div>\n\t\t\t\t<div class=\"input\"><textarea id=\"gwolle_gb_content-1\" name=\"gwolle_gb_content\" class=\"gwolle_gb_content wp-exclude-emoji\" required ><\/textarea><\/div>\n\t\t\t\t\t<div class=\"clearBoth\">&nbsp;<\/div>\n\t\t\t\t<\/div><input type=\"hidden\" class=\"gwolle_gb_eb9bdb1fa8cafbc7f93649f6cac50086\" id=\"gwolle_gb_eb9bdb1fa8cafbc7f93649f6cac50086-1\" name=\"gwolle_gb_eb9bdb1fa8cafbc7f93649f6cac50086\" value=\"a9578b8124\" \/>\n\t\t\t<div class=\"gwolle-gb-messages-bottom-container\"><\/div>\n\n\t\t\t<noscript><div class=\"no-js\">Warnung: Dieses Formular kann nur verwendet werden, wenn in deinem Browser JavaScript aktiviert ist.<\/div><\/noscript>\n\n\t\t\t<div class=\"gwolle_gb_submit gwolle-gb-submit\">\n\t\t\t\t<div class=\"label gwolle-gb-invisible text-muted\">&nbsp;<\/div>\n\t\t\t\t<div class=\"input\">\n\t\t\t\t\t<input type=\"submit\" name=\"gwolle_gb_submit\" class=\"gwolle_gb_submit button btn btn-primary \" value=\"Absenden\" \/>\n\t\t\t\t\t<span class=\"gwolle_gb_submit_ajax_icon gwolle-gb-submit-ajax-icon\"><\/span>\n\t\t\t\n\t\t\t\t<\/div>\n\t\t\t\t<div class=\"clearBoth\">&nbsp;<\/div>\n\t\t\t<\/div>\n\n\t\t\t<div class=\"gwolle_gb_notice gwolle-gb-notice\">\n\t\t\t\tMit * gekennzeichnete Felder sind erforderlich. Deine E-Mail-Adresse wird nicht ver\u00f6ffentlicht. Es ist m\u00f6glich, dass dein Eintrag im G\u00e4stebuch erst sichtbar ist, nachdem wir ihn \u00fcberpr\u00fcft haben. Wir behalten uns vor, Eintr\u00e4ge zu bearbeiten, zu l\u00f6schen oder nicht zu ver\u00f6ffentlichen.\n\t\t\t<\/div><\/form><div class=\"gwolle-gb-read gwolle-gb-ajax gwolle-gb-entries-list\" data-book_id=\"1\" data-page_id=\"1\">\n\t\t<div id=\"gwolle-gb-total\" class=\"gwolle-gb-total\">2 Eintr\u00e4ge<\/div><!-- Gwolle-GB Entry: Default Template Loaded -->\n\t\t\t\t<div class=\"gb-entry gb-entry_4 gb-entry-count_1 gwolle-gb-uneven gwolle-gb-first\" id=\"gb-entry_4\" data-entry_id=\"4\">\n\t\t\t\t<article>\n\t\t\t\t\t<div class=\"gb-author-info\">\n\t\t\t\t\t\t<span class=\"gb-author-avatar\"><img referrerpolicy=\"no-referrer\" alt='Frank Engel' src='https:\/\/secure.gravatar.com\/avatar\/e5a818807fe5e93b7ad672d4028321ac7d15051f8c77753f99a22e75827b56fb?s=32&#038;d=mm&#038;r=x' srcset='https:\/\/secure.gravatar.com\/avatar\/e5a818807fe5e93b7ad672d4028321ac7d15051f8c77753f99a22e75827b56fb?s=64&#038;d=mm&#038;r=x 2x' class='avatar avatar-32 photo' height='32' width='32' \/><\/span>\n\t\t\t\t\t\t<span class=\"gb-author-name\">Frank Engel\n\t\t\t\t\t\t<\/span>\n\t\t\t\t\t\t<span class=\"gb-author-origin\">\n\t\t\t\t\t\t\t<span class=\"gb-author-origin-from-text\"> aus<\/span>\n\t\t\t\t\t\t\t<span class=\"gb-author-origin-text\"> Prenzlau<\/span>\n\t\t\t\t\t\t<\/span>\n\t\t\t\t\t\t<span class=\"gb-datetime\">\n\t\t\t\t\t\t\t<span class=\"gb-date\"><span class=\"gb-date-wrote-text\"> schrieb am<\/span><span class=\"gb-date-text\"> 17. April 2026<\/span>\n\t\t\t\t\t\t\t<\/span><span class=\"gb-time\">\n\t\t\t\t\t\t\t\t\t<span class=\"gb-time-at-text\"> um<\/span>\n\t\t\t\t\t\t\t\t\t<span class=\"gb-time-text\"> 7:10<\/span>\n\t\t\t\t\t\t\t\t<\/span>\n\t\t\t\t\t\t<\/span> \n\t\t\t\t\t<\/div>\n\t\t\t\t\t<div class=\"gb-entry-content\">Hallo zusammen \r\nDas ist eine tolle Webseite um sich zu zeigen und gezeigt zu werden\r\n\ud83d\udc4d Weiter so\n\t\t\t\t\t<\/div>\n\t\t\t\t<\/article>\n\t\t\t<\/div>\n\t\t\t<div class=\"gb-entry gb-entry_3 gb-entry-count_2 gwolle-gb-even\" id=\"gb-entry_3\" data-entry_id=\"3\">\n\t\t\t\t<article>\n\t\t\t\t\t<div class=\"gb-author-info\">\n\t\t\t\t\t\t<span class=\"gb-author-avatar\"><img referrerpolicy=\"no-referrer\" alt='Mario' src='https:\/\/secure.gravatar.com\/avatar\/239a3fcf6e59622f494906655c9fd15aec979be17bef4b573699f8a2fc0e6ea4?s=32&#038;d=mm&#038;r=x' srcset='https:\/\/secure.gravatar.com\/avatar\/239a3fcf6e59622f494906655c9fd15aec979be17bef4b573699f8a2fc0e6ea4?s=64&#038;d=mm&#038;r=x 2x' class='avatar avatar-32 photo' height='32' width='32' \/><\/span>\n\t\t\t\t\t\t<span class=\"gb-author-name\">Mario\n\t\t\t\t\t\t<\/span>\n\t\t\t\t\t\t<span class=\"gb-datetime\">\n\t\t\t\t\t\t\t<span class=\"gb-date\"><span class=\"gb-date-wrote-text\"> schrieb am<\/span><span class=\"gb-date-text\"> 8. April 2026<\/span>\n\t\t\t\t\t\t\t<\/span><span class=\"gb-time\">\n\t\t\t\t\t\t\t\t\t<span class=\"gb-time-at-text\"> um<\/span>\n\t\t\t\t\t\t\t\t\t<span class=\"gb-time-text\"> 22:57<\/span>\n\t\t\t\t\t\t\t\t<\/span>\n\t\t\t\t\t\t<\/span> \n\t\t\t\t\t<\/div>\n\t\t\t\t\t<div class=\"gb-entry-content\">Dann bin ich der erste, der ins G\u00e4stebuch schreibt. \r\nNette Idee!\n\t\t\t\t\t<\/div>\n\t\t\t\t<\/article>\n\t\t\t<\/div>\n\t\t\t<\/div><\/div>\n","protected":false},"excerpt":{"rendered":"","protected":false},"author":1,"featured_media":0,"parent":0,"menu_order":0,"comment_status":"closed","ping_status":"closed","template":"","meta":{"site-container-style":"default","site-container-layout":"default","site-sidebar-layout":"default","disable-article-header":"default","disable-site-header":"default","disable-site-footer":"default","disable-content-area-spacing":"default","footnotes":"","_links_to":"","_links_to_target":""},"categories":[],"tags":[],"class_list":["post-328","page","type-page","status-publish","hentry"],"_links":{"self":[{"href":"https:\/\/exposed.noclothes.de\/index.php?rest_route=\/wp\/v2\/pages\/328","targetHints":{"allow":["GET"]}}],"collection":[{"href":"https:\/\/exposed.noclothes.de\/index.php?rest_route=\/wp\/v2\/pages"}],"about":[{"href":"https:\/\/exposed.noclothes.de\/index.php?rest_route=\/wp\/v2\/types\/page"}],"author":[{"embeddable":true,"href":"https:\/\/exposed.noclothes.de\/index.php?rest_route=\/wp\/v2\/users\/1"}],"replies":[{"embeddable":true,"href":"https:\/\/exposed.noclothes.de\/index.php?rest_route=%2Fwp%2Fv2%2Fcomments&post=328"}],"version-history":[{"count":2,"href":"https:\/\/exposed.noclothes.de\/index.php?rest_route=\/wp\/v2\/pages\/328\/revisions"}],"predecessor-version":[{"id":330,"href":"https:\/\/exposed.noclothes.de\/index.php?rest_route=\/wp\/v2\/pages\/328\/revisions\/330"}],"wp:attachment":[{"href":"https:\/\/exposed.noclothes.de\/index.php?rest_route=%2Fwp%2Fv2%2Fmedia&parent=328"}],"wp:term":[{"taxonomy":"category","embeddable":true,"href":"https:\/\/exposed.noclothes.de\/index.php?rest_route=%2Fwp%2Fv2%2Fcategories&post=328"},{"taxonomy":"post_tag","embeddable":true,"href":"https:\/\/exposed.noclothes.de\/index.php?rest_route=%2Fwp%2Fv2%2Ftags&post=328"}],"curies":[{"name":"wp","href":"https:\/\/api.w.org\/{rel}","templated":true}]}}